{"id":8167,"date":"2025-03-27T15:46:04","date_gmt":"2025-03-27T15:46:04","guid":{"rendered":"https:\/\/www.hotelvillasangiuseppe.com\/domotica\/"},"modified":"2025-03-31T10:09:25","modified_gmt":"2025-03-31T10:09:25","slug":"domotica","status":"publish","type":"page","link":"https:\/\/www.hotelvillasangiuseppe.com\/de\/domotica\/","title":{"rendered":"Domotica"},"content":{"rendered":"\t\t<div data-elementor-type=\"wp-page\" data-elementor-id=\"8167\" class=\"elementor elementor-8167 elementor-8069\" data-elementor-post-type=\"page\">\n\t\t\t\t\t\t<section class=\"elementor-section elementor-top-section elementor-element elementor-element-755cfe10 elementor-section-full_width elementor-section-height-default elementor-section-height-default\" data-id=\"755cfe10\" data-element_type=\"section\">\n\t\t\t\t\t\t<div class=\"elementor-container elementor-column-gap-default\">\n\t\t\t\t\t<div class=\"elementor-column elementor-col-100 elementor-top-column elementor-element elementor-element-3feb549e\" data-id=\"3feb549e\" data-element_type=\"column\" data-settings=\"{&quot;background_background&quot;:&quot;classic&quot;}\">\n\t\t\t<div class=\"elementor-widget-wrap elementor-element-populated\">\n\t\t\t\t\t\t<div class=\"elementor-element elementor-element-063c09d elementor-widget elementor-widget-spacer\" data-id=\"063c09d\" data-element_type=\"widget\" data-widget_type=\"spacer.default\">\n\t\t\t\t<div class=\"elementor-widget-container\">\n\t\t\t\t\t\t\t<div class=\"elementor-spacer\">\n\t\t\t<div class=\"elementor-spacer-inner\"><\/div>\n\t\t<\/div>\n\t\t\t\t\t\t<\/div>\n\t\t\t\t<\/div>\n\t\t\t\t<div class=\"elementor-element elementor-element-217f95e elementor-widget elementor-widget-heading\" data-id=\"217f95e\" data-element_type=\"widget\" data-widget_type=\"heading.default\">\n\t\t\t\t<div class=\"elementor-widget-container\">\n\t\t\t\t\t<h1 class=\"elementor-heading-title elementor-size-default\">Hausautomation Hotel Villa San Giuseppe<\/h1>\t\t\t\t<\/div>\n\t\t\t\t<\/div>\n\t\t\t\t<div class=\"elementor-element elementor-element-a3a8017 elementor-widget elementor-widget-spacer\" data-id=\"a3a8017\" data-element_type=\"widget\" data-widget_type=\"spacer.default\">\n\t\t\t\t<div class=\"elementor-widget-container\">\n\t\t\t\t\t\t\t<div class=\"elementor-spacer\">\n\t\t\t<div class=\"elementor-spacer-inner\"><\/div>\n\t\t<\/div>\n\t\t\t\t\t\t<\/div>\n\t\t\t\t<\/div>\n\t\t\t\t\t<\/div>\n\t\t<\/div>\n\t\t\t\t\t<\/div>\n\t\t<\/section>\n\t\t\t\t<section class=\"elementor-section elementor-top-section elementor-element elementor-element-33d61ab4 elementor-section-full_width sectionMarginBottom50 elementor-section-height-default elementor-section-height-default\" data-id=\"33d61ab4\" data-element_type=\"section\">\n\t\t\t\t\t\t<div class=\"elementor-container elementor-column-gap-default\">\n\t\t\t\t\t<div class=\"elementor-column elementor-col-50 elementor-top-column elementor-element elementor-element-70ddfb17\" data-id=\"70ddfb17\" data-element_type=\"column\">\n\t\t\t<div class=\"elementor-widget-wrap elementor-element-populated\">\n\t\t\t\t\t\t<div class=\"elementor-element elementor-element-37fb5c01 elementor-widget elementor-widget-heading\" data-id=\"37fb5c01\" data-element_type=\"widget\" data-widget_type=\"heading.default\">\n\t\t\t\t<div class=\"elementor-widget-container\">\n\t\t\t\t\t<h1 class=\"elementor-heading-title elementor-size-default\">Domotik: ein zunehmend technologisches und automatisiertes Hotel<\/h1>\t\t\t\t<\/div>\n\t\t\t\t<\/div>\n\t\t\t\t<div class=\"elementor-element elementor-element-5761f998 elementor-widget elementor-widget-heading\" data-id=\"5761f998\" data-element_type=\"widget\" data-widget_type=\"heading.default\">\n\t\t\t\t<div class=\"elementor-widget-container\">\n\t\t\t\t\t<h2 class=\"elementor-heading-title elementor-size-default\">Hotel Villa San Giuseppe, Tradition mit Blick in die Zukunft<\/h2>\t\t\t\t<\/div>\n\t\t\t\t<\/div>\n\t\t\t\t<div class=\"elementor-element elementor-element-369696f8 filettoColorGiallo elementor-widget-divider--view-line elementor-widget elementor-widget-divider\" data-id=\"369696f8\" data-element_type=\"widget\" data-widget_type=\"divider.default\">\n\t\t\t\t<div class=\"elementor-widget-container\">\n\t\t\t\t\t\t\t<div class=\"elementor-divider\">\n\t\t\t<span class=\"elementor-divider-separator\">\n\t\t\t\t\t\t<\/span>\n\t\t<\/div>\n\t\t\t\t\t\t<\/div>\n\t\t\t\t<\/div>\n\t\t\t\t<div class=\"elementor-element elementor-element-77a324e0 elementor-widget elementor-widget-spacer\" data-id=\"77a324e0\" data-element_type=\"widget\" data-widget_type=\"spacer.default\">\n\t\t\t\t<div class=\"elementor-widget-container\">\n\t\t\t\t\t\t\t<div class=\"elementor-spacer\">\n\t\t\t<div class=\"elementor-spacer-inner\"><\/div>\n\t\t<\/div>\n\t\t\t\t\t\t<\/div>\n\t\t\t\t<\/div>\n\t\t\t\t<div class=\"elementor-element elementor-element-26a5c2e6 elementor-widget elementor-widget-text-editor\" data-id=\"26a5c2e6\" data-element_type=\"widget\" data-widget_type=\"text-editor.default\">\n\t\t\t\t<div class=\"elementor-widget-container\">\n\t\t\t\t\t\t\t\t\t<p class=\"p1\">Die k\u00fcrzlich erfolgte Einf\u00fchrung des STS-Systems (<strong>Sicherheitstechniksysteme<\/strong>) im Hotel sollte unseren G\u00e4sten <strong>einen noch komfortableren und sichereren Aufenthalt<\/strong> bieten.<br \/>Das <a href=\"\/de\/mimosa-zimmer\/\">Mimosa-Geb\u00e4ude<\/a> ist vollst\u00e4ndig durch das Hausautomationssystem abgedeckt, das <a href=\"\/de\/ginestra-zimmer\/\">Ginestra-Geb\u00e4ude<\/a> ist derzeit nur zu 60% abgedeckt, steht aber kurz vor der Fertigstellung.<\/p><p class=\"p1\">Dar\u00fcber hinaus erm\u00f6glicht die kontrollierte Regulierung der Raumtemperatur dem Geb\u00e4ude, Energie effizienter zu verwalten und so immer mehr zum Wohlergehen unseres Planeten beizutragen.<\/p>\t\t\t\t\t\t\t\t<\/div>\n\t\t\t\t<\/div>\n\t\t\t\t<div class=\"elementor-element elementor-element-26419539 elementor-widget elementor-widget-spacer\" data-id=\"26419539\" data-element_type=\"widget\" data-widget_type=\"spacer.default\">\n\t\t\t\t<div class=\"elementor-widget-container\">\n\t\t\t\t\t\t\t<div class=\"elementor-spacer\">\n\t\t\t<div class=\"elementor-spacer-inner\"><\/div>\n\t\t<\/div>\n\t\t\t\t\t\t<\/div>\n\t\t\t\t<\/div>\n\t\t\t\t\t<\/div>\n\t\t<\/div>\n\t\t\t\t<div class=\"elementor-column elementor-col-50 elementor-top-column elementor-element elementor-element-14c4e20c altezzaImgBK\" data-id=\"14c4e20c\" data-element_type=\"column\" data-settings=\"{&quot;background_background&quot;:&quot;classic&quot;}\">\n\t\t\t<div class=\"elementor-widget-wrap elementor-element-populated\">\n\t\t\t\t\t\t<div class=\"elementor-element elementor-element-68eec47d elementor-widget elementor-widget-spacer\" data-id=\"68eec47d\" data-element_type=\"widget\" data-widget_type=\"spacer.default\">\n\t\t\t\t<div class=\"elementor-widget-container\">\n\t\t\t\t\t\t\t<div class=\"elementor-spacer\">\n\t\t\t<div class=\"elementor-spacer-inner\"><\/div>\n\t\t<\/div>\n\t\t\t\t\t\t<\/div>\n\t\t\t\t<\/div>\n\t\t\t\t\t<\/div>\n\t\t<\/div>\n\t\t\t\t\t<\/div>\n\t\t<\/section>\n\t\t\t\t<section class=\"elementor-section elementor-top-section elementor-element elementor-element-3de0d3eb elementor-section-boxed elementor-section-height-default elementor-section-height-default\" data-id=\"3de0d3eb\" data-element_type=\"section\" data-settings=\"{&quot;background_background&quot;:&quot;classic&quot;,&quot;background_motion_fx_motion_fx_scrolling&quot;:&quot;yes&quot;,&quot;background_motion_fx_translateY_effect&quot;:&quot;yes&quot;,&quot;background_motion_fx_translateY_speed&quot;:{&quot;unit&quot;:&quot;px&quot;,&quot;size&quot;:7.2999999999999998,&quot;sizes&quot;:[]},&quot;background_motion_fx_translateY_affectedRange&quot;:{&quot;unit&quot;:&quot;%&quot;,&quot;size&quot;:&quot;&quot;,&quot;sizes&quot;:{&quot;start&quot;:31,&quot;end&quot;:73}},&quot;background_motion_fx_devices&quot;:[&quot;desktop&quot;,&quot;tablet&quot;,&quot;mobile&quot;]}\">\n\t\t\t\t\t\t<div class=\"elementor-container elementor-column-gap-default\">\n\t\t\t\t\t<div class=\"elementor-column elementor-col-100 elementor-top-column elementor-element elementor-element-178d9092\" data-id=\"178d9092\" data-element_type=\"column\" data-settings=\"{&quot;background_background&quot;:&quot;classic&quot;}\">\n\t\t\t<div class=\"elementor-widget-wrap elementor-element-populated\">\n\t\t\t\t\t\t<div class=\"elementor-element elementor-element-7eaecb67 elementor-widget-divider--view-line_text textDivisoreTratteggiato elementor-widget-divider--element-align-center elementor-widget elementor-widget-divider\" data-id=\"7eaecb67\" data-element_type=\"widget\" data-widget_type=\"divider.default\">\n\t\t\t\t<div class=\"elementor-widget-container\">\n\t\t\t\t\t\t\t<div class=\"elementor-divider\">\n\t\t\t<span class=\"elementor-divider-separator\">\n\t\t\t\t\t\t\t<span class=\"elementor-divider__text elementor-divider__element\">\n\t\t\t\tHOTEL-DOMOTIK\t\t\t\t<\/span>\n\t\t\t\t\t\t<\/span>\n\t\t<\/div>\n\t\t\t\t\t\t<\/div>\n\t\t\t\t<\/div>\n\t\t\t\t\t<\/div>\n\t\t<\/div>\n\t\t\t\t\t<\/div>\n\t\t<\/section>\n\t\t\t\t<section class=\"elementor-section elementor-top-section elementor-element elementor-element-477e753e elementor-section-full_width sectionMarginBottom50 elementor-section-height-default elementor-section-height-default\" data-id=\"477e753e\" data-element_type=\"section\">\n\t\t\t\t\t\t<div class=\"elementor-container elementor-column-gap-default\">\n\t\t\t\t\t<div class=\"elementor-column elementor-col-50 elementor-top-column elementor-element elementor-element-4bdf662b altezzaImgBK\" data-id=\"4bdf662b\" data-element_type=\"column\" data-settings=\"{&quot;background_background&quot;:&quot;classic&quot;}\">\n\t\t\t<div class=\"elementor-widget-wrap elementor-element-populated\">\n\t\t\t\t\t\t<div class=\"elementor-element elementor-element-2a546b1c elementor-widget elementor-widget-spacer\" data-id=\"2a546b1c\" data-element_type=\"widget\" data-widget_type=\"spacer.default\">\n\t\t\t\t<div class=\"elementor-widget-container\">\n\t\t\t\t\t\t\t<div class=\"elementor-spacer\">\n\t\t\t<div class=\"elementor-spacer-inner\"><\/div>\n\t\t<\/div>\n\t\t\t\t\t\t<\/div>\n\t\t\t\t<\/div>\n\t\t\t\t\t<\/div>\n\t\t<\/div>\n\t\t\t\t<div class=\"elementor-column elementor-col-50 elementor-top-column elementor-element elementor-element-4c5321be\" data-id=\"4c5321be\" data-element_type=\"column\">\n\t\t\t<div class=\"elementor-widget-wrap elementor-element-populated\">\n\t\t\t\t\t\t<div class=\"elementor-element elementor-element-2ed2b01 h3likeh1 elementor-widget elementor-widget-heading\" data-id=\"2ed2b01\" data-element_type=\"widget\" data-widget_type=\"heading.default\">\n\t\t\t\t<div class=\"elementor-widget-container\">\n\t\t\t\t\t<h3 class=\"elementor-heading-title elementor-size-default\">Fernbedienung<\/h3>\t\t\t\t<\/div>\n\t\t\t\t<\/div>\n\t\t\t\t<div class=\"elementor-element elementor-element-3655408 filettoColorGiallo elementor-widget-divider--view-line elementor-widget elementor-widget-divider\" data-id=\"3655408\" data-element_type=\"widget\" data-widget_type=\"divider.default\">\n\t\t\t\t<div class=\"elementor-widget-container\">\n\t\t\t\t\t\t\t<div class=\"elementor-divider\">\n\t\t\t<span class=\"elementor-divider-separator\">\n\t\t\t\t\t\t<\/span>\n\t\t<\/div>\n\t\t\t\t\t\t<\/div>\n\t\t\t\t<\/div>\n\t\t\t\t<div class=\"elementor-element elementor-element-90d6a71 elementor-widget elementor-widget-spacer\" data-id=\"90d6a71\" data-element_type=\"widget\" data-widget_type=\"spacer.default\">\n\t\t\t\t<div class=\"elementor-widget-container\">\n\t\t\t\t\t\t\t<div class=\"elementor-spacer\">\n\t\t\t<div class=\"elementor-spacer-inner\"><\/div>\n\t\t<\/div>\n\t\t\t\t\t\t<\/div>\n\t\t\t\t<\/div>\n\t\t\t\t<div class=\"elementor-element elementor-element-39ab163 elementor-widget elementor-widget-text-editor\" data-id=\"39ab163\" data-element_type=\"widget\" data-widget_type=\"text-editor.default\">\n\t\t\t\t<div class=\"elementor-widget-container\">\n\t\t\t\t\t\t\t\t\t<p class=\"p1\">Beim Check-in an der Rezeption werden s\u00e4mtliche STS-Hausautomationsfunktionen im Zimmer des Kunden automatisch per <strong>Fernzugriff aktiviert<\/strong>.<br \/>Die Integration des Systems mit den <strong>Badezimmerruftasten<\/strong> (Alarmen) wird bis zum Ende der Saison 2025 abgeschlossen sein.<\/p><p class=\"p1\">Die verschiedenen Tore des Hotels (Meerseite f\u00fcr Autos und Fahrzeuge, Fu\u00dfg\u00e4ngerseite Meerseite und Nordseite f\u00fcr Autos und Fahrzeuge) werden von der Rezeption mit Hilfe einer Video\u00fcberwachung ferngesteuert.<\/p>\t\t\t\t\t\t\t\t<\/div>\n\t\t\t\t<\/div>\n\t\t\t\t<div class=\"elementor-element elementor-element-348a4ccf elementor-widget elementor-widget-spacer\" data-id=\"348a4ccf\" data-element_type=\"widget\" data-widget_type=\"spacer.default\">\n\t\t\t\t<div class=\"elementor-widget-container\">\n\t\t\t\t\t\t\t<div class=\"elementor-spacer\">\n\t\t\t<div class=\"elementor-spacer-inner\"><\/div>\n\t\t<\/div>\n\t\t\t\t\t\t<\/div>\n\t\t\t\t<\/div>\n\t\t\t\t\t<\/div>\n\t\t<\/div>\n\t\t\t\t\t<\/div>\n\t\t<\/section>\n\t\t\t\t<\/div>\n\t\t","protected":false},"excerpt":{"rendered":"<p>Hausautomation Hotel Villa San Giuseppe Domotik: ein zunehmend technologisches und automatisiertes Hotel Hotel Villa San Giuseppe, Tradition mit Blick in die Zukunft Die k\u00fcrzlich erfolgte Einf\u00fchrung des STS-Systems (Sicherheitstechniksysteme) im Hotel sollte unseren G\u00e4sten einen noch komfortableren und sichereren Aufenthalt bieten.Das Mimosa-Geb\u00e4ude ist vollst\u00e4ndig durch das Hausautomationssystem abgedeckt, das Ginestra-Geb\u00e4ude ist derzeit nur zu 60% [&hellip;]<\/p>\n","protected":false},"author":3,"featured_media":8083,"parent":0,"menu_order":0,"comment_status":"closed","ping_status":"closed","template":"elementor_header_footer","meta":{"_acf_changed":false,"footnotes":""},"class_list":["post-8167","page","type-page","status-publish","has-post-thumbnail","hentry"],"acf":[],"yoast_head":"<!-- This site is optimized with the Yoast SEO Premium plugin v24.7 (Yoast SEO v24.7) - https:\/\/yoast.com\/wordpress\/plugins\/seo\/ -->\n<title>Domotica | Hotel Villa San Giuseppe<\/title>\n<meta name=\"description\" content=\"Domotica Hotel Villa San Giuseppe a San Bartolomeo al Mare, Imperia, per un soggiorno pi\u00f9 confortevole e tecnologico.\" \/>\n<meta name=\"robots\" content=\"index, follow, max-snippet:-1, max-image-preview:large, max-video-preview:-1\" \/>\n<link rel=\"canonical\" href=\"https:\/\/www.hotelvillasangiuseppe.com\/de\/domotica\/\" \/>\n<meta property=\"og:locale\" content=\"de_DE\" \/>\n<meta property=\"og:type\" content=\"article\" \/>\n<meta property=\"og:title\" content=\"Domotica | Villa, ristorante, parco, spiaggia\" \/>\n<meta property=\"og:description\" content=\"Location matrimoni in Liguria, un luogo da favola a San Bartolomeo al Mare, Imperia, con ristorante, parco di 8.000 mq, spiaggia privata.\" \/>\n<meta property=\"og:url\" content=\"https:\/\/www.hotelvillasangiuseppe.com\/de\/domotica\/\" \/>\n<meta property=\"og:site_name\" content=\"hotelvillasangiuseppe.com\" \/>\n<meta property=\"article:modified_time\" content=\"2025-03-31T10:09:25+00:00\" \/>\n<meta property=\"og:image\" content=\"https:\/\/www.hotelvillasangiuseppe.com\/wp-content\/uploads\/2025\/03\/domotica.jpg\" \/>\n\t<meta property=\"og:image:width\" content=\"2000\" \/>\n\t<meta property=\"og:image:height\" content=\"1537\" \/>\n\t<meta property=\"og:image:type\" content=\"image\/jpeg\" \/>\n<meta name=\"twitter:card\" content=\"summary_large_image\" \/>\n<meta name=\"twitter:title\" content=\"Domotica\" \/>\n<meta name=\"twitter:description\" content=\"Hausautomation Hotel Villa San Giuseppe Domotik: ein zunehmend technologisches und automatisiertes Hotel Hotel Villa San Giuseppe, Tradition mit Blick in\" \/>\n<meta name=\"twitter:label1\" content=\"Gesch\u00e4tzte Lesezeit\" \/>\n\t<meta name=\"twitter:data1\" content=\"1\u00a0Minute\" \/>\n<script type=\"application\/ld+json\" class=\"yoast-schema-graph\">{\"@context\":\"https:\/\/schema.org\",\"@graph\":[{\"@type\":\"WebPage\",\"@id\":\"https:\/\/www.hotelvillasangiuseppe.com\/de\/domotica\/\",\"url\":\"https:\/\/www.hotelvillasangiuseppe.com\/de\/domotica\/\",\"name\":\"Domotica | Hotel Villa San Giuseppe\",\"isPartOf\":{\"@id\":\"https:\/\/www.hotelvillasangiuseppe.com\/#website\"},\"primaryImageOfPage\":{\"@id\":\"https:\/\/www.hotelvillasangiuseppe.com\/de\/domotica\/#primaryimage\"},\"image\":{\"@id\":\"https:\/\/www.hotelvillasangiuseppe.com\/de\/domotica\/#primaryimage\"},\"thumbnailUrl\":\"https:\/\/www.hotelvillasangiuseppe.com\/wp-content\/uploads\/2025\/03\/domotica.jpg\",\"datePublished\":\"2025-03-27T15:46:04+00:00\",\"dateModified\":\"2025-03-31T10:09:25+00:00\",\"description\":\"Domotica Hotel Villa San Giuseppe a San Bartolomeo al Mare, Imperia, per un soggiorno pi\u00f9 confortevole e tecnologico.\",\"breadcrumb\":{\"@id\":\"https:\/\/www.hotelvillasangiuseppe.com\/de\/domotica\/#breadcrumb\"},\"inLanguage\":\"de\",\"potentialAction\":[{\"@type\":\"ReadAction\",\"target\":[\"https:\/\/www.hotelvillasangiuseppe.com\/de\/domotica\/\"]}]},{\"@type\":\"ImageObject\",\"inLanguage\":\"de\",\"@id\":\"https:\/\/www.hotelvillasangiuseppe.com\/de\/domotica\/#primaryimage\",\"url\":\"https:\/\/www.hotelvillasangiuseppe.com\/wp-content\/uploads\/2025\/03\/domotica.jpg\",\"contentUrl\":\"https:\/\/www.hotelvillasangiuseppe.com\/wp-content\/uploads\/2025\/03\/domotica.jpg\",\"width\":2000,\"height\":1537,\"caption\":\"domotica\"},{\"@type\":\"BreadcrumbList\",\"@id\":\"https:\/\/www.hotelvillasangiuseppe.com\/de\/domotica\/#breadcrumb\",\"itemListElement\":[{\"@type\":\"ListItem\",\"position\":1,\"name\":\"Home\",\"item\":\"https:\/\/www.hotelvillasangiuseppe.com\/de\/\"},{\"@type\":\"ListItem\",\"position\":2,\"name\":\"Domotica\"}]},{\"@type\":\"WebSite\",\"@id\":\"https:\/\/www.hotelvillasangiuseppe.com\/#website\",\"url\":\"https:\/\/www.hotelvillasangiuseppe.com\/\",\"name\":\"hotelvillasangiuseppe.com\",\"description\":\"Hotel Villa San Giuseppe - San Bartolomeo al mare - hotel per famiglie\",\"potentialAction\":[{\"@type\":\"SearchAction\",\"target\":{\"@type\":\"EntryPoint\",\"urlTemplate\":\"https:\/\/www.hotelvillasangiuseppe.com\/?s={search_term_string}\"},\"query-input\":{\"@type\":\"PropertyValueSpecification\",\"valueRequired\":true,\"valueName\":\"search_term_string\"}}],\"inLanguage\":\"de\"}]}<\/script>\n<!-- \/ Yoast SEO Premium plugin. -->","yoast_head_json":{"title":"Domotica | Hotel Villa San Giuseppe","description":"Domotica Hotel Villa San Giuseppe a San Bartolomeo al Mare, Imperia, per un soggiorno pi\u00f9 confortevole e tecnologico.","robots":{"index":"index","follow":"follow","max-snippet":"max-snippet:-1","max-image-preview":"max-image-preview:large","max-video-preview":"max-video-preview:-1"},"canonical":"https:\/\/www.hotelvillasangiuseppe.com\/de\/domotica\/","og_locale":"de_DE","og_type":"article","og_title":"Domotica | Villa, ristorante, parco, spiaggia","og_description":"Location matrimoni in Liguria, un luogo da favola a San Bartolomeo al Mare, Imperia, con ristorante, parco di 8.000 mq, spiaggia privata.","og_url":"https:\/\/www.hotelvillasangiuseppe.com\/de\/domotica\/","og_site_name":"hotelvillasangiuseppe.com","article_modified_time":"2025-03-31T10:09:25+00:00","og_image":[{"width":2000,"height":1537,"url":"https:\/\/www.hotelvillasangiuseppe.com\/wp-content\/uploads\/2025\/03\/domotica.jpg","type":"image\/jpeg"}],"twitter_card":"summary_large_image","twitter_title":"Domotica","twitter_description":"Hausautomation Hotel Villa San Giuseppe Domotik: ein zunehmend technologisches und automatisiertes Hotel Hotel Villa San Giuseppe, Tradition mit Blick in","twitter_misc":{"Gesch\u00e4tzte Lesezeit":"1\u00a0Minute"},"schema":{"@context":"https:\/\/schema.org","@graph":[{"@type":"WebPage","@id":"https:\/\/www.hotelvillasangiuseppe.com\/de\/domotica\/","url":"https:\/\/www.hotelvillasangiuseppe.com\/de\/domotica\/","name":"Domotica | Hotel Villa San Giuseppe","isPartOf":{"@id":"https:\/\/www.hotelvillasangiuseppe.com\/#website"},"primaryImageOfPage":{"@id":"https:\/\/www.hotelvillasangiuseppe.com\/de\/domotica\/#primaryimage"},"image":{"@id":"https:\/\/www.hotelvillasangiuseppe.com\/de\/domotica\/#primaryimage"},"thumbnailUrl":"https:\/\/www.hotelvillasangiuseppe.com\/wp-content\/uploads\/2025\/03\/domotica.jpg","datePublished":"2025-03-27T15:46:04+00:00","dateModified":"2025-03-31T10:09:25+00:00","description":"Domotica Hotel Villa San Giuseppe a San Bartolomeo al Mare, Imperia, per un soggiorno pi\u00f9 confortevole e tecnologico.","breadcrumb":{"@id":"https:\/\/www.hotelvillasangiuseppe.com\/de\/domotica\/#breadcrumb"},"inLanguage":"de","potentialAction":[{"@type":"ReadAction","target":["https:\/\/www.hotelvillasangiuseppe.com\/de\/domotica\/"]}]},{"@type":"ImageObject","inLanguage":"de","@id":"https:\/\/www.hotelvillasangiuseppe.com\/de\/domotica\/#primaryimage","url":"https:\/\/www.hotelvillasangiuseppe.com\/wp-content\/uploads\/2025\/03\/domotica.jpg","contentUrl":"https:\/\/www.hotelvillasangiuseppe.com\/wp-content\/uploads\/2025\/03\/domotica.jpg","width":2000,"height":1537,"caption":"domotica"},{"@type":"BreadcrumbList","@id":"https:\/\/www.hotelvillasangiuseppe.com\/de\/domotica\/#breadcrumb","itemListElement":[{"@type":"ListItem","position":1,"name":"Home","item":"https:\/\/www.hotelvillasangiuseppe.com\/de\/"},{"@type":"ListItem","position":2,"name":"Domotica"}]},{"@type":"WebSite","@id":"https:\/\/www.hotelvillasangiuseppe.com\/#website","url":"https:\/\/www.hotelvillasangiuseppe.com\/","name":"hotelvillasangiuseppe.com","description":"Hotel Villa San Giuseppe - San Bartolomeo al mare - hotel per famiglie","potentialAction":[{"@type":"SearchAction","target":{"@type":"EntryPoint","urlTemplate":"https:\/\/www.hotelvillasangiuseppe.com\/?s={search_term_string}"},"query-input":{"@type":"PropertyValueSpecification","valueRequired":true,"valueName":"search_term_string"}}],"inLanguage":"de"}]}},"_links":{"self":[{"href":"https:\/\/www.hotelvillasangiuseppe.com\/de\/wp-json\/wp\/v2\/pages\/8167","targetHints":{"allow":["GET"]}}],"collection":[{"href":"https:\/\/www.hotelvillasangiuseppe.com\/de\/wp-json\/wp\/v2\/pages"}],"about":[{"href":"https:\/\/www.hotelvillasangiuseppe.com\/de\/wp-json\/wp\/v2\/types\/page"}],"author":[{"embeddable":true,"href":"https:\/\/www.hotelvillasangiuseppe.com\/de\/wp-json\/wp\/v2\/users\/3"}],"replies":[{"embeddable":true,"href":"https:\/\/www.hotelvillasangiuseppe.com\/de\/wp-json\/wp\/v2\/comments?post=8167"}],"version-history":[{"count":7,"href":"https:\/\/www.hotelvillasangiuseppe.com\/de\/wp-json\/wp\/v2\/pages\/8167\/revisions"}],"predecessor-version":[{"id":8174,"href":"https:\/\/www.hotelvillasangiuseppe.com\/de\/wp-json\/wp\/v2\/pages\/8167\/revisions\/8174"}],"wp:featuredmedia":[{"embeddable":true,"href":"https:\/\/www.hotelvillasangiuseppe.com\/de\/wp-json\/wp\/v2\/media\/8083"}],"wp:attachment":[{"href":"https:\/\/www.hotelvillasangiuseppe.com\/de\/wp-json\/wp\/v2\/media?parent=8167"}],"curies":[{"name":"wp","href":"https:\/\/api.w.org\/{rel}","templated":true}]}}