{"id":5288,"date":"2022-06-14T15:17:12","date_gmt":"2022-06-14T15:17:12","guid":{"rendered":"https:\/\/demo.hotelvillasangiuseppe.com\/?page_id=5288"},"modified":"2022-07-05T15:09:57","modified_gmt":"2022-07-05T15:09:57","slug":"localisation","status":"publish","type":"page","link":"https:\/\/www.hotelvillasangiuseppe.com\/fr\/localisation\/","title":{"rendered":"Dove Siamo"},"content":{"rendered":"\t\t<div data-elementor-type=\"wp-page\" data-elementor-id=\"5288\" class=\"elementor elementor-5288 elementor-813\" data-elementor-post-type=\"page\">\n\t\t\t\t\t\t<section class=\"elementor-section elementor-top-section elementor-element elementor-element-21dc3eb elementor-section-full_width elementor-section-height-default elementor-section-height-default\" data-id=\"21dc3eb\" data-element_type=\"section\">\n\t\t\t\t\t\t<div class=\"elementor-container elementor-column-gap-default\">\n\t\t\t\t\t<div class=\"elementor-column elementor-col-100 elementor-top-column elementor-element elementor-element-af00f69\" data-id=\"af00f69\" data-element_type=\"column\">\n\t\t\t<div class=\"elementor-widget-wrap elementor-element-populated\">\n\t\t\t\t\t\t\t<\/div>\n\t\t<\/div>\n\t\t\t\t\t<\/div>\n\t\t<\/section>\n\t\t\t\t<section class=\"elementor-section elementor-top-section elementor-element elementor-element-ce1058b elementor-section-full_width elementor-section-height-default elementor-section-height-default\" data-id=\"ce1058b\" data-element_type=\"section\">\n\t\t\t\t\t\t<div class=\"elementor-container elementor-column-gap-default\">\n\t\t\t\t\t<div class=\"elementor-column elementor-col-50 elementor-top-column elementor-element elementor-element-8c28019\" data-id=\"8c28019\" data-element_type=\"column\">\n\t\t\t<div class=\"elementor-widget-wrap elementor-element-populated\">\n\t\t\t\t\t\t<div class=\"elementor-element elementor-element-171e528 elementor-widget elementor-widget-heading\" data-id=\"171e528\" data-element_type=\"widget\" data-widget_type=\"heading.default\">\n\t\t\t\t<div class=\"elementor-widget-container\">\n\t\t\t\t\t<h1 class=\"elementor-heading-title elementor-size-default\">San Bartolomeo al Mare, <br>\ndans la somptueuse Riviera des fleurs  <br>\ndu Ponant Ligurien\n<\/h1>\t\t\t\t<\/div>\n\t\t\t\t<\/div>\n\t\t\t\t<div class=\"elementor-element elementor-element-535de7a elementor-widget elementor-widget-heading\" data-id=\"535de7a\" data-element_type=\"widget\" data-widget_type=\"heading.default\">\n\t\t\t\t<div class=\"elementor-widget-container\">\n\t\t\t\t\t<h2 class=\"elementor-heading-title elementor-size-default\">Comment nous rejoindre<\/h2>\t\t\t\t<\/div>\n\t\t\t\t<\/div>\n\t\t\t\t<div class=\"elementor-element elementor-element-1c6ed94 elementor-widget-divider--view-line elementor-widget elementor-widget-divider\" data-id=\"1c6ed94\" data-element_type=\"widget\" data-widget_type=\"divider.default\">\n\t\t\t\t<div class=\"elementor-widget-container\">\n\t\t\t\t\t\t\t<div class=\"elementor-divider\">\n\t\t\t<span class=\"elementor-divider-separator\">\n\t\t\t\t\t\t<\/span>\n\t\t<\/div>\n\t\t\t\t\t\t<\/div>\n\t\t\t\t<\/div>\n\t\t\t\t<div class=\"elementor-element elementor-element-9c4b0bb elementor-widget elementor-widget-spacer\" data-id=\"9c4b0bb\" data-element_type=\"widget\" data-widget_type=\"spacer.default\">\n\t\t\t\t<div class=\"elementor-widget-container\">\n\t\t\t\t\t\t\t<div class=\"elementor-spacer\">\n\t\t\t<div class=\"elementor-spacer-inner\"><\/div>\n\t\t<\/div>\n\t\t\t\t\t\t<\/div>\n\t\t\t\t<\/div>\n\t\t\t\t<div class=\"elementor-element elementor-element-d2962e3 elementor-widget elementor-widget-text-editor\" data-id=\"d2962e3\" data-element_type=\"widget\" data-widget_type=\"text-editor.default\">\n\t\t\t\t<div class=\"elementor-widget-container\">\n\t\t\t\t\t\t\t\t\t<p>En venant de l\u2019autoroute A10 G\u00eanes-Vintimille:<\/p><ul><li>sortir \u00e0 SAN BARTOLOMEO AL MARE;<\/li><li>apr\u00e8s le p\u00e9age descendre vers le village et rester sur la voie de droite;<\/li><li>au rond-point tourner \u00e0 droite sur la SS1 Aurelia et apr\u00e8s environ 800 m\u00e8tres votre destination se trouve sur la gauche.<\/li><\/ul>\t\t\t\t\t\t\t\t<\/div>\n\t\t\t\t<\/div>\n\t\t\t\t<div class=\"elementor-element elementor-element-c2b8257 elementor-widget elementor-widget-spacer\" data-id=\"c2b8257\" data-element_type=\"widget\" data-widget_type=\"spacer.default\">\n\t\t\t\t<div class=\"elementor-widget-container\">\n\t\t\t\t\t\t\t<div class=\"elementor-spacer\">\n\t\t\t<div class=\"elementor-spacer-inner\"><\/div>\n\t\t<\/div>\n\t\t\t\t\t\t<\/div>\n\t\t\t\t<\/div>\n\t\t\t\t<div class=\"elementor-element elementor-element-9ad52c9 elementor-widget-divider--view-line_text elementor-widget-divider--element-align-center elementor-widget elementor-widget-divider\" data-id=\"9ad52c9\" data-element_type=\"widget\" data-widget_type=\"divider.default\">\n\t\t\t\t<div class=\"elementor-widget-container\">\n\t\t\t\t\t\t\t<div class=\"elementor-divider\">\n\t\t\t<span class=\"elementor-divider-separator\">\n\t\t\t\t\t\t\t<span class=\"elementor-divider__text elementor-divider__element\">\n\t\t\t\tCONTACTS\t\t\t\t<\/span>\n\t\t\t\t\t\t<\/span>\n\t\t<\/div>\n\t\t\t\t\t\t<\/div>\n\t\t\t\t<\/div>\n\t\t\t\t<section class=\"elementor-section elementor-inner-section elementor-element elementor-element-657d8c5 elementor-section-boxed elementor-section-height-default elementor-section-height-default\" data-id=\"657d8c5\" data-element_type=\"section\" data-settings=\"{&quot;background_background&quot;:&quot;classic&quot;}\">\n\t\t\t\t\t\t<div class=\"elementor-container elementor-column-gap-default\">\n\t\t\t\t\t<div class=\"elementor-column elementor-col-100 elementor-inner-column elementor-element elementor-element-10e7062\" data-id=\"10e7062\" data-element_type=\"column\">\n\t\t\t<div class=\"elementor-widget-wrap elementor-element-populated\">\n\t\t\t\t\t\t<div class=\"elementor-element elementor-element-3a28498 elementor-widget elementor-widget-text-editor\" data-id=\"3a28498\" data-element_type=\"widget\" data-widget_type=\"text-editor.default\">\n\t\t\t\t<div class=\"elementor-widget-container\">\n\t\t\t\t\t\t\t\t\t<p>Via Aurelia 207, 18016<br \/>San Bartolomeo al Mare &#8211; IM<br \/>Tel. (+39) 0183.400701 <br \/>Fax (+39) 0183.406005<br \/><a href=\"mailto:info@hotelvillasangiuseppe.com\">info@hotelvillasangiuseppe.com<\/a><\/p>\t\t\t\t\t\t\t\t<\/div>\n\t\t\t\t<\/div>\n\t\t\t\t\t<\/div>\n\t\t<\/div>\n\t\t\t\t\t<\/div>\n\t\t<\/section>\n\t\t\t\t<div class=\"elementor-element elementor-element-995172d elementor-widget elementor-widget-spacer\" data-id=\"995172d\" data-element_type=\"widget\" data-widget_type=\"spacer.default\">\n\t\t\t\t<div class=\"elementor-widget-container\">\n\t\t\t\t\t\t\t<div class=\"elementor-spacer\">\n\t\t\t<div class=\"elementor-spacer-inner\"><\/div>\n\t\t<\/div>\n\t\t\t\t\t\t<\/div>\n\t\t\t\t<\/div>\n\t\t\t\t\t<\/div>\n\t\t<\/div>\n\t\t\t\t<div class=\"elementor-column elementor-col-50 elementor-top-column elementor-element elementor-element-d8ba093 altezzaImgBK\" data-id=\"d8ba093\" data-element_type=\"column\" data-settings=\"{&quot;background_background&quot;:&quot;classic&quot;}\">\n\t\t\t<div class=\"elementor-widget-wrap elementor-element-populated\">\n\t\t\t\t\t\t<div class=\"elementor-element elementor-element-6fe064f elementor-widget elementor-widget-google_maps\" data-id=\"6fe064f\" data-element_type=\"widget\" data-widget_type=\"google_maps.default\">\n\t\t\t\t<div class=\"elementor-widget-container\">\n\t\t\t\t\t\t\t<div class=\"elementor-custom-embed\">\n\t\t\t<iframe loading=\"lazy\"\n\t\t\t\t\tsrc=\"https:\/\/maps.google.com\/maps?q=Hotel%20Villa%20San%20Giuseppe%2A%2A%2A%20Via%20Aurelia%2C%20207%20San%20Bartolomeo%20Al%20Mare%20-%20IM&#038;t=m&#038;z=15&#038;output=embed&#038;iwloc=near\"\n\t\t\t\t\ttitle=\"Hotel Villa San Giuseppe*** Via Aurelia, 207 San Bartolomeo Al Mare - IM\"\n\t\t\t\t\taria-label=\"Hotel Villa San Giuseppe*** Via Aurelia, 207 San Bartolomeo Al Mare - IM\"\n\t\t\t><\/iframe>\n\t\t<\/div>\n\t\t\t\t\t\t<\/div>\n\t\t\t\t<\/div>\n\t\t\t\t\t<\/div>\n\t\t<\/div>\n\t\t\t\t\t<\/div>\n\t\t<\/section>\n\t\t\t\t<\/div>\n\t\t","protected":false},"excerpt":{"rendered":"<p>San Bartolomeo al Mare, dans la somptueuse Riviera des fleurs du Ponant Ligurien Comment nous rejoindre En venant de l\u2019autoroute A10 G\u00eanes-Vintimille: sortir \u00e0 SAN BARTOLOMEO AL MARE; apr\u00e8s le p\u00e9age descendre vers le village et rester sur la voie de droite; au rond-point tourner \u00e0 droite sur la SS1 Aurelia et apr\u00e8s environ 800 [&hellip;]<\/p>\n","protected":false},"author":4,"featured_media":4729,"parent":0,"menu_order":0,"comment_status":"closed","ping_status":"closed","template":"elementor_header_footer","meta":{"_acf_changed":false,"footnotes":""},"class_list":["post-5288","page","type-page","status-publish","has-post-thumbnail","hentry"],"acf":[],"yoast_head":"<!-- This site is optimized with the Yoast SEO Premium plugin v24.7 (Yoast SEO v24.7) - https:\/\/yoast.com\/wordpress\/plugins\/seo\/ -->\n<title>Dove Siamo - hotelvillasangiuseppe.com<\/title>\n<meta name=\"robots\" content=\"index, follow, max-snippet:-1, max-image-preview:large, max-video-preview:-1\" \/>\n<link rel=\"canonical\" href=\"https:\/\/www.hotelvillasangiuseppe.com\/fr\/localisation\/\" \/>\n<meta property=\"og:locale\" content=\"fr_FR\" \/>\n<meta property=\"og:type\" content=\"article\" \/>\n<meta property=\"og:title\" content=\"Dove Siamo\" \/>\n<meta property=\"og:description\" content=\"San Bartolomeo al Mare, dans la somptueuse Riviera des fleurs du Ponant Ligurien Comment nous rejoindre En venant de l\u2019autoroute A10\" \/>\n<meta property=\"og:url\" content=\"https:\/\/www.hotelvillasangiuseppe.com\/fr\/localisation\/\" \/>\n<meta property=\"og:site_name\" content=\"hotelvillasangiuseppe.com\" \/>\n<meta property=\"article:modified_time\" content=\"2022-07-05T15:09:57+00:00\" \/>\n<meta property=\"og:image\" content=\"https:\/\/www.hotelvillasangiuseppe.com\/wp-content\/uploads\/2021\/06\/VSG_9556-1.jpg\" \/>\n\t<meta property=\"og:image:width\" content=\"800\" \/>\n\t<meta property=\"og:image:height\" content=\"1200\" \/>\n\t<meta property=\"og:image:type\" content=\"image\/jpeg\" \/>\n<meta name=\"twitter:card\" content=\"summary_large_image\" \/>\n<meta name=\"twitter:label1\" content=\"Dur\u00e9e de lecture estim\u00e9e\" \/>\n\t<meta name=\"twitter:data1\" content=\"1 minute\" \/>\n<script type=\"application\/ld+json\" class=\"yoast-schema-graph\">{\"@context\":\"https:\/\/schema.org\",\"@graph\":[{\"@type\":\"WebPage\",\"@id\":\"https:\/\/www.hotelvillasangiuseppe.com\/fr\/localisation\/\",\"url\":\"https:\/\/www.hotelvillasangiuseppe.com\/fr\/localisation\/\",\"name\":\"Dove Siamo - hotelvillasangiuseppe.com\",\"isPartOf\":{\"@id\":\"https:\/\/www.hotelvillasangiuseppe.com\/#website\"},\"primaryImageOfPage\":{\"@id\":\"https:\/\/www.hotelvillasangiuseppe.com\/fr\/localisation\/#primaryimage\"},\"image\":{\"@id\":\"https:\/\/www.hotelvillasangiuseppe.com\/fr\/localisation\/#primaryimage\"},\"thumbnailUrl\":\"https:\/\/www.hotelvillasangiuseppe.com\/wp-content\/uploads\/2021\/06\/VSG_9556-1.jpg\",\"datePublished\":\"2022-06-14T15:17:12+00:00\",\"dateModified\":\"2022-07-05T15:09:57+00:00\",\"breadcrumb\":{\"@id\":\"https:\/\/www.hotelvillasangiuseppe.com\/fr\/localisation\/#breadcrumb\"},\"inLanguage\":\"fr-FR\",\"potentialAction\":[{\"@type\":\"ReadAction\",\"target\":[\"https:\/\/www.hotelvillasangiuseppe.com\/fr\/localisation\/\"]}]},{\"@type\":\"ImageObject\",\"inLanguage\":\"fr-FR\",\"@id\":\"https:\/\/www.hotelvillasangiuseppe.com\/fr\/localisation\/#primaryimage\",\"url\":\"https:\/\/www.hotelvillasangiuseppe.com\/wp-content\/uploads\/2021\/06\/VSG_9556-1.jpg\",\"contentUrl\":\"https:\/\/www.hotelvillasangiuseppe.com\/wp-content\/uploads\/2021\/06\/VSG_9556-1.jpg\",\"width\":800,\"height\":1200},{\"@type\":\"BreadcrumbList\",\"@id\":\"https:\/\/www.hotelvillasangiuseppe.com\/fr\/localisation\/#breadcrumb\",\"itemListElement\":[{\"@type\":\"ListItem\",\"position\":1,\"name\":\"Home\",\"item\":\"https:\/\/www.hotelvillasangiuseppe.com\/fr\/\"},{\"@type\":\"ListItem\",\"position\":2,\"name\":\"Dove Siamo\"}]},{\"@type\":\"WebSite\",\"@id\":\"https:\/\/www.hotelvillasangiuseppe.com\/#website\",\"url\":\"https:\/\/www.hotelvillasangiuseppe.com\/\",\"name\":\"hotelvillasangiuseppe.com\",\"description\":\"Hotel Villa San Giuseppe - San Bartolomeo al mare - hotel per famiglie\",\"potentialAction\":[{\"@type\":\"SearchAction\",\"target\":{\"@type\":\"EntryPoint\",\"urlTemplate\":\"https:\/\/www.hotelvillasangiuseppe.com\/?s={search_term_string}\"},\"query-input\":{\"@type\":\"PropertyValueSpecification\",\"valueRequired\":true,\"valueName\":\"search_term_string\"}}],\"inLanguage\":\"fr-FR\"}]}<\/script>\n<!-- \/ Yoast SEO Premium plugin. -->","yoast_head_json":{"title":"Dove Siamo - hotelvillasangiuseppe.com","robots":{"index":"index","follow":"follow","max-snippet":"max-snippet:-1","max-image-preview":"max-image-preview:large","max-video-preview":"max-video-preview:-1"},"canonical":"https:\/\/www.hotelvillasangiuseppe.com\/fr\/localisation\/","og_locale":"fr_FR","og_type":"article","og_title":"Dove Siamo","og_description":"San Bartolomeo al Mare, dans la somptueuse Riviera des fleurs du Ponant Ligurien Comment nous rejoindre En venant de l\u2019autoroute A10","og_url":"https:\/\/www.hotelvillasangiuseppe.com\/fr\/localisation\/","og_site_name":"hotelvillasangiuseppe.com","article_modified_time":"2022-07-05T15:09:57+00:00","og_image":[{"width":800,"height":1200,"url":"https:\/\/www.hotelvillasangiuseppe.com\/wp-content\/uploads\/2021\/06\/VSG_9556-1.jpg","type":"image\/jpeg"}],"twitter_card":"summary_large_image","twitter_misc":{"Dur\u00e9e de lecture estim\u00e9e":"1 minute"},"schema":{"@context":"https:\/\/schema.org","@graph":[{"@type":"WebPage","@id":"https:\/\/www.hotelvillasangiuseppe.com\/fr\/localisation\/","url":"https:\/\/www.hotelvillasangiuseppe.com\/fr\/localisation\/","name":"Dove Siamo - hotelvillasangiuseppe.com","isPartOf":{"@id":"https:\/\/www.hotelvillasangiuseppe.com\/#website"},"primaryImageOfPage":{"@id":"https:\/\/www.hotelvillasangiuseppe.com\/fr\/localisation\/#primaryimage"},"image":{"@id":"https:\/\/www.hotelvillasangiuseppe.com\/fr\/localisation\/#primaryimage"},"thumbnailUrl":"https:\/\/www.hotelvillasangiuseppe.com\/wp-content\/uploads\/2021\/06\/VSG_9556-1.jpg","datePublished":"2022-06-14T15:17:12+00:00","dateModified":"2022-07-05T15:09:57+00:00","breadcrumb":{"@id":"https:\/\/www.hotelvillasangiuseppe.com\/fr\/localisation\/#breadcrumb"},"inLanguage":"fr-FR","potentialAction":[{"@type":"ReadAction","target":["https:\/\/www.hotelvillasangiuseppe.com\/fr\/localisation\/"]}]},{"@type":"ImageObject","inLanguage":"fr-FR","@id":"https:\/\/www.hotelvillasangiuseppe.com\/fr\/localisation\/#primaryimage","url":"https:\/\/www.hotelvillasangiuseppe.com\/wp-content\/uploads\/2021\/06\/VSG_9556-1.jpg","contentUrl":"https:\/\/www.hotelvillasangiuseppe.com\/wp-content\/uploads\/2021\/06\/VSG_9556-1.jpg","width":800,"height":1200},{"@type":"BreadcrumbList","@id":"https:\/\/www.hotelvillasangiuseppe.com\/fr\/localisation\/#breadcrumb","itemListElement":[{"@type":"ListItem","position":1,"name":"Home","item":"https:\/\/www.hotelvillasangiuseppe.com\/fr\/"},{"@type":"ListItem","position":2,"name":"Dove Siamo"}]},{"@type":"WebSite","@id":"https:\/\/www.hotelvillasangiuseppe.com\/#website","url":"https:\/\/www.hotelvillasangiuseppe.com\/","name":"hotelvillasangiuseppe.com","description":"Hotel Villa San Giuseppe - San Bartolomeo al mare - hotel per famiglie","potentialAction":[{"@type":"SearchAction","target":{"@type":"EntryPoint","urlTemplate":"https:\/\/www.hotelvillasangiuseppe.com\/?s={search_term_string}"},"query-input":{"@type":"PropertyValueSpecification","valueRequired":true,"valueName":"search_term_string"}}],"inLanguage":"fr-FR"}]}},"_links":{"self":[{"href":"https:\/\/www.hotelvillasangiuseppe.com\/fr\/wp-json\/wp\/v2\/pages\/5288","targetHints":{"allow":["GET"]}}],"collection":[{"href":"https:\/\/www.hotelvillasangiuseppe.com\/fr\/wp-json\/wp\/v2\/pages"}],"about":[{"href":"https:\/\/www.hotelvillasangiuseppe.com\/fr\/wp-json\/wp\/v2\/types\/page"}],"author":[{"embeddable":true,"href":"https:\/\/www.hotelvillasangiuseppe.com\/fr\/wp-json\/wp\/v2\/users\/4"}],"replies":[{"embeddable":true,"href":"https:\/\/www.hotelvillasangiuseppe.com\/fr\/wp-json\/wp\/v2\/comments?post=5288"}],"version-history":[{"count":13,"href":"https:\/\/www.hotelvillasangiuseppe.com\/fr\/wp-json\/wp\/v2\/pages\/5288\/revisions"}],"predecessor-version":[{"id":6252,"href":"https:\/\/www.hotelvillasangiuseppe.com\/fr\/wp-json\/wp\/v2\/pages\/5288\/revisions\/6252"}],"wp:featuredmedia":[{"embeddable":true,"href":"https:\/\/www.hotelvillasangiuseppe.com\/fr\/wp-json\/wp\/v2\/media\/4729"}],"wp:attachment":[{"href":"https:\/\/www.hotelvillasangiuseppe.com\/fr\/wp-json\/wp\/v2\/media?parent=5288"}],"curies":[{"name":"wp","href":"https:\/\/api.w.org\/{rel}","templated":true}]}}