{"id":5392,"date":"2022-06-14T16:32:03","date_gmt":"2022-06-14T16:32:03","guid":{"rendered":"https:\/\/demo.hotelvillasangiuseppe.com\/?page_id=5392"},"modified":"2022-06-15T10:25:01","modified_gmt":"2022-06-15T10:25:01","slug":"nos-offres","status":"publish","type":"page","link":"https:\/\/www.hotelvillasangiuseppe.com\/fr\/nos-offres\/","title":{"rendered":"Offerte"},"content":{"rendered":"\t\t<div data-elementor-type=\"wp-page\" data-elementor-id=\"5392\" class=\"elementor elementor-5392 elementor-1167\" data-elementor-post-type=\"page\">\n\t\t\t\t\t\t<section class=\"elementor-section elementor-top-section elementor-element elementor-element-53ff053a elementor-section-height-min-height elementor-section-boxed elementor-section-height-default elementor-section-items-middle\" data-id=\"53ff053a\" data-element_type=\"section\" data-settings=\"{&quot;background_background&quot;:&quot;classic&quot;}\">\n\t\t\t\t\t\t<div class=\"elementor-container elementor-column-gap-default\">\n\t\t\t\t\t<div class=\"elementor-column elementor-col-100 elementor-top-column elementor-element elementor-element-115c0d37\" data-id=\"115c0d37\" data-element_type=\"column\">\n\t\t\t<div class=\"elementor-widget-wrap elementor-element-populated\">\n\t\t\t\t\t\t<div class=\"elementor-element elementor-element-adb6976 elementor-widget elementor-widget-heading\" data-id=\"adb6976\" data-element_type=\"widget\" data-widget_type=\"heading.default\">\n\t\t\t\t<div class=\"elementor-widget-container\">\n\t\t\t\t\t<h1 class=\"elementor-heading-title elementor-size-default\">Hotel Villa San Giuseppe <br> nos offres pour vous<\/h1>\t\t\t\t<\/div>\n\t\t\t\t<\/div>\n\t\t\t\t<div class=\"elementor-element elementor-element-6853a246 elementor-grid-3 elementor-grid-tablet-2 elementor-grid-mobile-1 elementor-posts--thumbnail-top elementor-card-shadow-yes elementor-posts__hover-gradient elementor-widget elementor-widget-posts\" data-id=\"6853a246\" data-element_type=\"widget\" data-settings=\"{&quot;pagination_type&quot;:&quot;numbers&quot;,&quot;cards_columns&quot;:&quot;3&quot;,&quot;cards_columns_tablet&quot;:&quot;2&quot;,&quot;cards_columns_mobile&quot;:&quot;1&quot;,&quot;cards_row_gap&quot;:{&quot;unit&quot;:&quot;px&quot;,&quot;size&quot;:35,&quot;sizes&quot;:[]},&quot;cards_row_gap_tablet&quot;:{&quot;unit&quot;:&quot;px&quot;,&quot;size&quot;:&quot;&quot;,&quot;sizes&quot;:[]},&quot;cards_row_gap_mobile&quot;:{&quot;unit&quot;:&quot;px&quot;,&quot;size&quot;:&quot;&quot;,&quot;sizes&quot;:[]}}\" data-widget_type=\"posts.cards\">\n\t\t\t\t<div class=\"elementor-widget-container\">\n\t\t\t\t\t\t\t<div class=\"elementor-posts-container elementor-posts elementor-posts--skin-cards elementor-grid\">\n\t\t\t\t<article class=\"elementor-post elementor-grid-item post-8292 post type-post status-publish format-standard has-post-thumbnail hentry category-offerte-fr\">\n\t\t\t<div class=\"elementor-post__card\">\n\t\t\t\t<a class=\"elementor-post__thumbnail__link\" href=\"https:\/\/www.hotelvillasangiuseppe.com\/fr\/pacchetto-primavera-coppie-mezza-pensione\/\" tabindex=\"-1\" ><div class=\"elementor-post__thumbnail\"><img fetchpriority=\"high\" decoding=\"async\" width=\"300\" height=\"214\" src=\"https:\/\/www.hotelvillasangiuseppe.com\/wp-content\/uploads\/2025\/05\/VSG-offerte-2025-coppia-family-300x214.jpg\" class=\"attachment-medium size-medium wp-image-8258\" alt=\"\" srcset=\"https:\/\/www.hotelvillasangiuseppe.com\/wp-content\/uploads\/2025\/05\/VSG-offerte-2025-coppia-family-300x214.jpg 300w, https:\/\/www.hotelvillasangiuseppe.com\/wp-content\/uploads\/2025\/05\/VSG-offerte-2025-coppia-family-1024x729.jpg 1024w, https:\/\/www.hotelvillasangiuseppe.com\/wp-content\/uploads\/2025\/05\/VSG-offerte-2025-coppia-family-768x547.jpg 768w, https:\/\/www.hotelvillasangiuseppe.com\/wp-content\/uploads\/2025\/05\/VSG-offerte-2025-coppia-family.jpg 1200w\" sizes=\"(max-width: 300px) 100vw, 300px\" \/><\/div><\/a>\n\t\t\t\t<div class=\"elementor-post__badge\">Offerte<\/div>\n\t\t\t\t<div class=\"elementor-post__text\">\n\t\t\t\t<h3 class=\"elementor-post__title\">\n\t\t\t<a href=\"https:\/\/www.hotelvillasangiuseppe.com\/fr\/pacchetto-primavera-coppie-mezza-pensione\/\" >\n\t\t\t\tOffre Demi-Pension pour Couples\t\t\t<\/a>\n\t\t<\/h3>\n\t\t\t\t<div class=\"elementor-post__excerpt\">\n\t\t\t<p>Profitez de notre forfait Printemps en Demi-pension \u00e0 65,00 \u20ac par jour\/personne, pour des s\u00e9jours d&rsquo;au moins 2 nuits en chambre Standard du 30 Avril<\/p>\n\t\t<\/div>\n\t\t\n\t\t<a class=\"elementor-post__read-more\" href=\"https:\/\/www.hotelvillasangiuseppe.com\/fr\/pacchetto-primavera-coppie-mezza-pensione\/\" aria-label=\"Read more about Offre Demi-Pension pour Couples\" tabindex=\"-1\" >\n\t\t\tscopri \u00bb\t\t<\/a>\n\n\t\t\t\t<\/div>\n\t\t\t\t<div class=\"elementor-post__meta-data\">\n\t\t\t\t\t<span class=\"elementor-post-date\">\n\t\t\t14\/05\/2025\t\t<\/span>\n\t\t\t\t<\/div>\n\t\t\t\t\t<\/div>\n\t\t<\/article>\n\t\t\t\t<article class=\"elementor-post elementor-grid-item post-8318 post type-post status-publish format-standard has-post-thumbnail hentry category-offerte-fr\">\n\t\t\t<div class=\"elementor-post__card\">\n\t\t\t\t<a class=\"elementor-post__thumbnail__link\" href=\"https:\/\/www.hotelvillasangiuseppe.com\/fr\/pacchetto-primavera-coppie-prima-colazione\/\" tabindex=\"-1\" ><div class=\"elementor-post__thumbnail\"><img decoding=\"async\" width=\"300\" height=\"214\" src=\"https:\/\/www.hotelvillasangiuseppe.com\/wp-content\/uploads\/2025\/05\/VSG-offerte-2025-coppia-mare-300x214.jpg\" class=\"attachment-medium size-medium wp-image-8250\" alt=\"\" srcset=\"https:\/\/www.hotelvillasangiuseppe.com\/wp-content\/uploads\/2025\/05\/VSG-offerte-2025-coppia-mare-300x214.jpg 300w, https:\/\/www.hotelvillasangiuseppe.com\/wp-content\/uploads\/2025\/05\/VSG-offerte-2025-coppia-mare-1024x729.jpg 1024w, https:\/\/www.hotelvillasangiuseppe.com\/wp-content\/uploads\/2025\/05\/VSG-offerte-2025-coppia-mare-768x547.jpg 768w, https:\/\/www.hotelvillasangiuseppe.com\/wp-content\/uploads\/2025\/05\/VSG-offerte-2025-coppia-mare.jpg 1200w\" sizes=\"(max-width: 300px) 100vw, 300px\" \/><\/div><\/a>\n\t\t\t\t<div class=\"elementor-post__badge\">Offerte<\/div>\n\t\t\t\t<div class=\"elementor-post__text\">\n\t\t\t\t<h3 class=\"elementor-post__title\">\n\t\t\t<a href=\"https:\/\/www.hotelvillasangiuseppe.com\/fr\/pacchetto-primavera-coppie-prima-colazione\/\" >\n\t\t\t\tOffre Couples avec Petit-D\u00e9jeuner\t\t\t<\/a>\n\t\t<\/h3>\n\t\t\t\t<div class=\"elementor-post__excerpt\">\n\t\t\t<p>Profitez de notre offre Printemps du 30 avril au 28 mai inclus, pour des s\u00e9jours d&rsquo;au moins 2 nuits. Chambre et petit-d\u00e9jeuner \u00e0 50 \u20ac<\/p>\n\t\t<\/div>\n\t\t\n\t\t<a class=\"elementor-post__read-more\" href=\"https:\/\/www.hotelvillasangiuseppe.com\/fr\/pacchetto-primavera-coppie-prima-colazione\/\" aria-label=\"Read more about Offre Couples avec Petit-D\u00e9jeuner\" tabindex=\"-1\" >\n\t\t\tscopri \u00bb\t\t<\/a>\n\n\t\t\t\t<\/div>\n\t\t\t\t<div class=\"elementor-post__meta-data\">\n\t\t\t\t\t<span class=\"elementor-post-date\">\n\t\t\t14\/05\/2025\t\t<\/span>\n\t\t\t\t<\/div>\n\t\t\t\t\t<\/div>\n\t\t<\/article>\n\t\t\t\t<article class=\"elementor-post elementor-grid-item post-8305 post type-post status-publish format-standard has-post-thumbnail hentry category-offerte-fr\">\n\t\t\t<div class=\"elementor-post__card\">\n\t\t\t\t<a class=\"elementor-post__thumbnail__link\" href=\"https:\/\/www.hotelvillasangiuseppe.com\/fr\/pacchetto-primavera-famiglia-mezza-pensione\/\" tabindex=\"-1\" ><div class=\"elementor-post__thumbnail\"><img decoding=\"async\" width=\"300\" height=\"214\" src=\"https:\/\/www.hotelvillasangiuseppe.com\/wp-content\/uploads\/2025\/05\/VSG-offerte-2025-trek-family-300x214.jpg\" class=\"attachment-medium size-medium wp-image-8254\" alt=\"\" srcset=\"https:\/\/www.hotelvillasangiuseppe.com\/wp-content\/uploads\/2025\/05\/VSG-offerte-2025-trek-family-300x214.jpg 300w, https:\/\/www.hotelvillasangiuseppe.com\/wp-content\/uploads\/2025\/05\/VSG-offerte-2025-trek-family-1024x729.jpg 1024w, https:\/\/www.hotelvillasangiuseppe.com\/wp-content\/uploads\/2025\/05\/VSG-offerte-2025-trek-family-768x547.jpg 768w, https:\/\/www.hotelvillasangiuseppe.com\/wp-content\/uploads\/2025\/05\/VSG-offerte-2025-trek-family.jpg 1200w\" sizes=\"(max-width: 300px) 100vw, 300px\" \/><\/div><\/a>\n\t\t\t\t<div class=\"elementor-post__badge\">Offerte<\/div>\n\t\t\t\t<div class=\"elementor-post__text\">\n\t\t\t\t<h3 class=\"elementor-post__title\">\n\t\t\t<a href=\"https:\/\/www.hotelvillasangiuseppe.com\/fr\/pacchetto-primavera-famiglia-mezza-pensione\/\" >\n\t\t\t\tOffre Printemps Famille Demi-Pension\t\t\t<\/a>\n\t\t<\/h3>\n\t\t\t\t<div class=\"elementor-post__excerpt\">\n\t\t\t<p>Profitez de notre Forfait Printemps pour Vous et Votre famille du 30 avril au 28 mai inclus, s\u00e9jours d&rsquo;un minimum de 2 nuits. Inclus dans<\/p>\n\t\t<\/div>\n\t\t\n\t\t<a class=\"elementor-post__read-more\" href=\"https:\/\/www.hotelvillasangiuseppe.com\/fr\/pacchetto-primavera-famiglia-mezza-pensione\/\" aria-label=\"Read more about Offre Printemps Famille Demi-Pension\" tabindex=\"-1\" >\n\t\t\tscopri \u00bb\t\t<\/a>\n\n\t\t\t\t<\/div>\n\t\t\t\t<div class=\"elementor-post__meta-data\">\n\t\t\t\t\t<span class=\"elementor-post-date\">\n\t\t\t14\/05\/2025\t\t<\/span>\n\t\t\t\t<\/div>\n\t\t\t\t\t<\/div>\n\t\t<\/article>\n\t\t\t\t<article class=\"elementor-post elementor-grid-item post-8275 post type-post status-publish format-standard has-post-thumbnail hentry category-offerte-fr\">\n\t\t\t<div class=\"elementor-post__card\">\n\t\t\t\t<a class=\"elementor-post__thumbnail__link\" href=\"https:\/\/www.hotelvillasangiuseppe.com\/fr\/pacchetto-primavera-famiglia-prima-colazione\/\" tabindex=\"-1\" ><div class=\"elementor-post__thumbnail\"><img loading=\"lazy\" decoding=\"async\" width=\"300\" height=\"214\" src=\"https:\/\/www.hotelvillasangiuseppe.com\/wp-content\/uploads\/2025\/05\/VSG-offerte-2025-mare-family-300x214.jpg\" class=\"attachment-medium size-medium wp-image-8246\" alt=\"\" srcset=\"https:\/\/www.hotelvillasangiuseppe.com\/wp-content\/uploads\/2025\/05\/VSG-offerte-2025-mare-family-300x214.jpg 300w, https:\/\/www.hotelvillasangiuseppe.com\/wp-content\/uploads\/2025\/05\/VSG-offerte-2025-mare-family-1024x729.jpg 1024w, https:\/\/www.hotelvillasangiuseppe.com\/wp-content\/uploads\/2025\/05\/VSG-offerte-2025-mare-family-768x547.jpg 768w, https:\/\/www.hotelvillasangiuseppe.com\/wp-content\/uploads\/2025\/05\/VSG-offerte-2025-mare-family.jpg 1200w\" sizes=\"(max-width: 300px) 100vw, 300px\" \/><\/div><\/a>\n\t\t\t\t<div class=\"elementor-post__badge\">Offerte<\/div>\n\t\t\t\t<div class=\"elementor-post__text\">\n\t\t\t\t<h3 class=\"elementor-post__title\">\n\t\t\t<a href=\"https:\/\/www.hotelvillasangiuseppe.com\/fr\/pacchetto-primavera-famiglia-prima-colazione\/\" >\n\t\t\t\tForfait Famille avec Petit-D\u00e9jeuner\t\t\t<\/a>\n\t\t<\/h3>\n\t\t\t\t<div class=\"elementor-post__excerpt\">\n\t\t\t<p>Profitez du Forfait Printemps pour Vous et Votre famille. S\u00e9jour minimum de 2 nuits, du 30 avril au 28 mai inclus. Inclus dans le forfait:<\/p>\n\t\t<\/div>\n\t\t\n\t\t<a class=\"elementor-post__read-more\" href=\"https:\/\/www.hotelvillasangiuseppe.com\/fr\/pacchetto-primavera-famiglia-prima-colazione\/\" aria-label=\"Read more about Forfait Famille avec Petit-D\u00e9jeuner\" tabindex=\"-1\" >\n\t\t\tscopri \u00bb\t\t<\/a>\n\n\t\t\t\t<\/div>\n\t\t\t\t<div class=\"elementor-post__meta-data\">\n\t\t\t\t\t<span class=\"elementor-post-date\">\n\t\t\t14\/05\/2025\t\t<\/span>\n\t\t\t\t<\/div>\n\t\t\t\t\t<\/div>\n\t\t<\/article>\n\t\t\t\t<\/div>\n\t\t\n\t\t\t\t\t\t<\/div>\n\t\t\t\t<\/div>\n\t\t\t\t\t<\/div>\n\t\t<\/div>\n\t\t\t\t\t<\/div>\n\t\t<\/section>\n\t\t\t\t<\/div>\n\t\t","protected":false},"excerpt":{"rendered":"<p>Hotel Villa San Giuseppe nos offres pour vous<\/p>\n","protected":false},"author":4,"featured_media":0,"parent":0,"menu_order":0,"comment_status":"closed","ping_status":"closed","template":"elementor_header_footer","meta":{"_acf_changed":false,"footnotes":""},"class_list":["post-5392","page","type-page","status-publish","hentry"],"acf":[],"yoast_head":"<!-- This site is optimized with the Yoast SEO Premium plugin v24.7 (Yoast SEO v24.7) - https:\/\/yoast.com\/wordpress\/plugins\/seo\/ -->\n<title>Offerte - hotelvillasangiuseppe.com<\/title>\n<meta name=\"robots\" content=\"index, follow, max-snippet:-1, max-image-preview:large, max-video-preview:-1\" \/>\n<link rel=\"canonical\" href=\"https:\/\/www.hotelvillasangiuseppe.com\/fr\/nos-offres\/\" \/>\n<meta property=\"og:locale\" content=\"fr_FR\" \/>\n<meta property=\"og:type\" content=\"article\" \/>\n<meta property=\"og:title\" content=\"Offerte\" \/>\n<meta property=\"og:description\" content=\"Hotel Villa San Giuseppe nos offres pour vous\" \/>\n<meta property=\"og:url\" content=\"https:\/\/www.hotelvillasangiuseppe.com\/fr\/nos-offres\/\" \/>\n<meta property=\"og:site_name\" content=\"hotelvillasangiuseppe.com\" \/>\n<meta property=\"article:modified_time\" content=\"2022-06-15T10:25:01+00:00\" \/>\n<meta name=\"twitter:card\" content=\"summary_large_image\" \/>\n<meta name=\"twitter:label1\" content=\"Dur\u00e9e de lecture estim\u00e9e\" \/>\n\t<meta name=\"twitter:data1\" content=\"1 minute\" \/>\n<script type=\"application\/ld+json\" class=\"yoast-schema-graph\">{\"@context\":\"https:\/\/schema.org\",\"@graph\":[{\"@type\":\"WebPage\",\"@id\":\"https:\/\/www.hotelvillasangiuseppe.com\/fr\/nos-offres\/\",\"url\":\"https:\/\/www.hotelvillasangiuseppe.com\/fr\/nos-offres\/\",\"name\":\"Offerte - hotelvillasangiuseppe.com\",\"isPartOf\":{\"@id\":\"https:\/\/www.hotelvillasangiuseppe.com\/#website\"},\"datePublished\":\"2022-06-14T16:32:03+00:00\",\"dateModified\":\"2022-06-15T10:25:01+00:00\",\"breadcrumb\":{\"@id\":\"https:\/\/www.hotelvillasangiuseppe.com\/fr\/nos-offres\/#breadcrumb\"},\"inLanguage\":\"fr-FR\",\"potentialAction\":[{\"@type\":\"ReadAction\",\"target\":[\"https:\/\/www.hotelvillasangiuseppe.com\/fr\/nos-offres\/\"]}]},{\"@type\":\"BreadcrumbList\",\"@id\":\"https:\/\/www.hotelvillasangiuseppe.com\/fr\/nos-offres\/#breadcrumb\",\"itemListElement\":[{\"@type\":\"ListItem\",\"position\":1,\"name\":\"Home\",\"item\":\"https:\/\/www.hotelvillasangiuseppe.com\/fr\/\"},{\"@type\":\"ListItem\",\"position\":2,\"name\":\"Offerte\"}]},{\"@type\":\"WebSite\",\"@id\":\"https:\/\/www.hotelvillasangiuseppe.com\/#website\",\"url\":\"https:\/\/www.hotelvillasangiuseppe.com\/\",\"name\":\"hotelvillasangiuseppe.com\",\"description\":\"Hotel Villa San Giuseppe - San Bartolomeo al mare - hotel per famiglie\",\"potentialAction\":[{\"@type\":\"SearchAction\",\"target\":{\"@type\":\"EntryPoint\",\"urlTemplate\":\"https:\/\/www.hotelvillasangiuseppe.com\/?s={search_term_string}\"},\"query-input\":{\"@type\":\"PropertyValueSpecification\",\"valueRequired\":true,\"valueName\":\"search_term_string\"}}],\"inLanguage\":\"fr-FR\"}]}<\/script>\n<!-- \/ Yoast SEO Premium plugin. -->","yoast_head_json":{"title":"Offerte - hotelvillasangiuseppe.com","robots":{"index":"index","follow":"follow","max-snippet":"max-snippet:-1","max-image-preview":"max-image-preview:large","max-video-preview":"max-video-preview:-1"},"canonical":"https:\/\/www.hotelvillasangiuseppe.com\/fr\/nos-offres\/","og_locale":"fr_FR","og_type":"article","og_title":"Offerte","og_description":"Hotel Villa San Giuseppe nos offres pour vous","og_url":"https:\/\/www.hotelvillasangiuseppe.com\/fr\/nos-offres\/","og_site_name":"hotelvillasangiuseppe.com","article_modified_time":"2022-06-15T10:25:01+00:00","twitter_card":"summary_large_image","twitter_misc":{"Dur\u00e9e de lecture estim\u00e9e":"1 minute"},"schema":{"@context":"https:\/\/schema.org","@graph":[{"@type":"WebPage","@id":"https:\/\/www.hotelvillasangiuseppe.com\/fr\/nos-offres\/","url":"https:\/\/www.hotelvillasangiuseppe.com\/fr\/nos-offres\/","name":"Offerte - hotelvillasangiuseppe.com","isPartOf":{"@id":"https:\/\/www.hotelvillasangiuseppe.com\/#website"},"datePublished":"2022-06-14T16:32:03+00:00","dateModified":"2022-06-15T10:25:01+00:00","breadcrumb":{"@id":"https:\/\/www.hotelvillasangiuseppe.com\/fr\/nos-offres\/#breadcrumb"},"inLanguage":"fr-FR","potentialAction":[{"@type":"ReadAction","target":["https:\/\/www.hotelvillasangiuseppe.com\/fr\/nos-offres\/"]}]},{"@type":"BreadcrumbList","@id":"https:\/\/www.hotelvillasangiuseppe.com\/fr\/nos-offres\/#breadcrumb","itemListElement":[{"@type":"ListItem","position":1,"name":"Home","item":"https:\/\/www.hotelvillasangiuseppe.com\/fr\/"},{"@type":"ListItem","position":2,"name":"Offerte"}]},{"@type":"WebSite","@id":"https:\/\/www.hotelvillasangiuseppe.com\/#website","url":"https:\/\/www.hotelvillasangiuseppe.com\/","name":"hotelvillasangiuseppe.com","description":"Hotel Villa San Giuseppe - San Bartolomeo al mare - hotel per famiglie","potentialAction":[{"@type":"SearchAction","target":{"@type":"EntryPoint","urlTemplate":"https:\/\/www.hotelvillasangiuseppe.com\/?s={search_term_string}"},"query-input":{"@type":"PropertyValueSpecification","valueRequired":true,"valueName":"search_term_string"}}],"inLanguage":"fr-FR"}]}},"_links":{"self":[{"href":"https:\/\/www.hotelvillasangiuseppe.com\/fr\/wp-json\/wp\/v2\/pages\/5392","targetHints":{"allow":["GET"]}}],"collection":[{"href":"https:\/\/www.hotelvillasangiuseppe.com\/fr\/wp-json\/wp\/v2\/pages"}],"about":[{"href":"https:\/\/www.hotelvillasangiuseppe.com\/fr\/wp-json\/wp\/v2\/types\/page"}],"author":[{"embeddable":true,"href":"https:\/\/www.hotelvillasangiuseppe.com\/fr\/wp-json\/wp\/v2\/users\/4"}],"replies":[{"embeddable":true,"href":"https:\/\/www.hotelvillasangiuseppe.com\/fr\/wp-json\/wp\/v2\/comments?post=5392"}],"version-history":[{"count":4,"href":"https:\/\/www.hotelvillasangiuseppe.com\/fr\/wp-json\/wp\/v2\/pages\/5392\/revisions"}],"predecessor-version":[{"id":5397,"href":"https:\/\/www.hotelvillasangiuseppe.com\/fr\/wp-json\/wp\/v2\/pages\/5392\/revisions\/5397"}],"wp:attachment":[{"href":"https:\/\/www.hotelvillasangiuseppe.com\/fr\/wp-json\/wp\/v2\/media?parent=5392"}],"curies":[{"name":"wp","href":"https:\/\/api.w.org\/{rel}","templated":true}]}}