{"id":8071,"date":"2025-03-27T15:46:04","date_gmt":"2025-03-27T15:46:04","guid":{"rendered":"https:\/\/www.hotelvillasangiuseppe.com\/?page_id=8071"},"modified":"2025-03-31T15:39:10","modified_gmt":"2025-03-31T15:39:10","slug":"domotica","status":"publish","type":"page","link":"https:\/\/www.hotelvillasangiuseppe.com\/fr\/domotica\/","title":{"rendered":"Domotica"},"content":{"rendered":"\t\t<div data-elementor-type=\"wp-page\" data-elementor-id=\"8071\" class=\"elementor elementor-8071 elementor-8069\" data-elementor-post-type=\"page\">\n\t\t\t\t\t\t<section class=\"elementor-section elementor-top-section elementor-element elementor-element-755cfe10 elementor-section-full_width elementor-section-height-default elementor-section-height-default\" data-id=\"755cfe10\" data-element_type=\"section\">\n\t\t\t\t\t\t<div class=\"elementor-container elementor-column-gap-default\">\n\t\t\t\t\t<div class=\"elementor-column elementor-col-100 elementor-top-column elementor-element elementor-element-3feb549e\" data-id=\"3feb549e\" data-element_type=\"column\" data-settings=\"{&quot;background_background&quot;:&quot;classic&quot;}\">\n\t\t\t<div class=\"elementor-widget-wrap elementor-element-populated\">\n\t\t\t\t\t\t<div class=\"elementor-element elementor-element-063c09d elementor-widget elementor-widget-spacer\" data-id=\"063c09d\" data-element_type=\"widget\" data-widget_type=\"spacer.default\">\n\t\t\t\t<div class=\"elementor-widget-container\">\n\t\t\t\t\t\t\t<div class=\"elementor-spacer\">\n\t\t\t<div class=\"elementor-spacer-inner\"><\/div>\n\t\t<\/div>\n\t\t\t\t\t\t<\/div>\n\t\t\t\t<\/div>\n\t\t\t\t<div class=\"elementor-element elementor-element-217f95e elementor-widget elementor-widget-heading\" data-id=\"217f95e\" data-element_type=\"widget\" data-widget_type=\"heading.default\">\n\t\t\t\t<div class=\"elementor-widget-container\">\n\t\t\t\t\t<h1 class=\"elementor-heading-title elementor-size-default\">Domotique H\u00f4tel Villa San Giuseppe<\/h1>\t\t\t\t<\/div>\n\t\t\t\t<\/div>\n\t\t\t\t<div class=\"elementor-element elementor-element-a3a8017 elementor-widget elementor-widget-spacer\" data-id=\"a3a8017\" data-element_type=\"widget\" data-widget_type=\"spacer.default\">\n\t\t\t\t<div class=\"elementor-widget-container\">\n\t\t\t\t\t\t\t<div class=\"elementor-spacer\">\n\t\t\t<div class=\"elementor-spacer-inner\"><\/div>\n\t\t<\/div>\n\t\t\t\t\t\t<\/div>\n\t\t\t\t<\/div>\n\t\t\t\t\t<\/div>\n\t\t<\/div>\n\t\t\t\t\t<\/div>\n\t\t<\/section>\n\t\t\t\t<section class=\"elementor-section elementor-top-section elementor-element elementor-element-33d61ab4 elementor-section-full_width sectionMarginBottom50 elementor-section-height-default elementor-section-height-default\" data-id=\"33d61ab4\" data-element_type=\"section\">\n\t\t\t\t\t\t<div class=\"elementor-container elementor-column-gap-default\">\n\t\t\t\t\t<div class=\"elementor-column elementor-col-50 elementor-top-column elementor-element elementor-element-70ddfb17\" data-id=\"70ddfb17\" data-element_type=\"column\">\n\t\t\t<div class=\"elementor-widget-wrap elementor-element-populated\">\n\t\t\t\t\t\t<div class=\"elementor-element elementor-element-37fb5c01 elementor-widget elementor-widget-heading\" data-id=\"37fb5c01\" data-element_type=\"widget\" data-widget_type=\"heading.default\">\n\t\t\t\t<div class=\"elementor-widget-container\">\n\t\t\t\t\t<h1 class=\"elementor-heading-title elementor-size-default\">Domotique: un h\u00f4tel de plus en plus technologique et automatis\u00e9<\/h1>\t\t\t\t<\/div>\n\t\t\t\t<\/div>\n\t\t\t\t<div class=\"elementor-element elementor-element-5761f998 elementor-widget elementor-widget-heading\" data-id=\"5761f998\" data-element_type=\"widget\" data-widget_type=\"heading.default\">\n\t\t\t\t<div class=\"elementor-widget-container\">\n\t\t\t\t\t<h2 class=\"elementor-heading-title elementor-size-default\">H\u00f4tel Villa San Giuseppe, une tradition tourn\u00e9e vers l'avenir<\/h2>\t\t\t\t<\/div>\n\t\t\t\t<\/div>\n\t\t\t\t<div class=\"elementor-element elementor-element-369696f8 filettoColorGiallo elementor-widget-divider--view-line elementor-widget elementor-widget-divider\" data-id=\"369696f8\" data-element_type=\"widget\" data-widget_type=\"divider.default\">\n\t\t\t\t<div class=\"elementor-widget-container\">\n\t\t\t\t\t\t\t<div class=\"elementor-divider\">\n\t\t\t<span class=\"elementor-divider-separator\">\n\t\t\t\t\t\t<\/span>\n\t\t<\/div>\n\t\t\t\t\t\t<\/div>\n\t\t\t\t<\/div>\n\t\t\t\t<div class=\"elementor-element elementor-element-77a324e0 elementor-widget elementor-widget-spacer\" data-id=\"77a324e0\" data-element_type=\"widget\" data-widget_type=\"spacer.default\">\n\t\t\t\t<div class=\"elementor-widget-container\">\n\t\t\t\t\t\t\t<div class=\"elementor-spacer\">\n\t\t\t<div class=\"elementor-spacer-inner\"><\/div>\n\t\t<\/div>\n\t\t\t\t\t\t<\/div>\n\t\t\t\t<\/div>\n\t\t\t\t<div class=\"elementor-element elementor-element-26a5c2e6 elementor-widget elementor-widget-text-editor\" data-id=\"26a5c2e6\" data-element_type=\"widget\" data-widget_type=\"text-editor.default\">\n\t\t\t\t<div class=\"elementor-widget-container\">\n\t\t\t\t\t\t\t\t\t<p class=\"p1\">L&rsquo;introduction r\u00e9cente du syst\u00e8me STS (<strong>syst\u00e8mes de technologie de s\u00e9curit\u00e9<\/strong>) dans l&rsquo;h\u00f4tel avait pour objectif d&rsquo;offrir \u00e0 nos clients <strong>un s\u00e9jour de plus en plus confortable<\/strong> et s\u00fbr.<br \/>L&rsquo;immeuble <a href=\"\/fr\/chambres-mimosa\/\">Mimosa<\/a> est enti\u00e8rement couvert par le syst\u00e8me domotique, l&rsquo;immeuble <a href=\"\/fr\/chambres-ginestra\/\">Ginestra<\/a> n&rsquo;est actuellement couvert qu&rsquo;\u00e0 60% mais est en voie d&rsquo;ach\u00e8vement.<br \/>De plus, la r\u00e9gulation contr\u00f4l\u00e9e de la temp\u00e9rature ambiante permet \u00e0 la structure de g\u00e9rer l\u2019\u00e9nergie plus efficacement, pour contribuer toujours plus au bien-\u00eatre de notre plan\u00e8te.<\/p>\t\t\t\t\t\t\t\t<\/div>\n\t\t\t\t<\/div>\n\t\t\t\t<div class=\"elementor-element elementor-element-26419539 elementor-widget elementor-widget-spacer\" data-id=\"26419539\" data-element_type=\"widget\" data-widget_type=\"spacer.default\">\n\t\t\t\t<div class=\"elementor-widget-container\">\n\t\t\t\t\t\t\t<div class=\"elementor-spacer\">\n\t\t\t<div class=\"elementor-spacer-inner\"><\/div>\n\t\t<\/div>\n\t\t\t\t\t\t<\/div>\n\t\t\t\t<\/div>\n\t\t\t\t\t<\/div>\n\t\t<\/div>\n\t\t\t\t<div class=\"elementor-column elementor-col-50 elementor-top-column elementor-element elementor-element-14c4e20c altezzaImgBK\" data-id=\"14c4e20c\" data-element_type=\"column\" data-settings=\"{&quot;background_background&quot;:&quot;classic&quot;}\">\n\t\t\t<div class=\"elementor-widget-wrap elementor-element-populated\">\n\t\t\t\t\t\t<div class=\"elementor-element elementor-element-68eec47d elementor-widget elementor-widget-spacer\" data-id=\"68eec47d\" data-element_type=\"widget\" data-widget_type=\"spacer.default\">\n\t\t\t\t<div class=\"elementor-widget-container\">\n\t\t\t\t\t\t\t<div class=\"elementor-spacer\">\n\t\t\t<div class=\"elementor-spacer-inner\"><\/div>\n\t\t<\/div>\n\t\t\t\t\t\t<\/div>\n\t\t\t\t<\/div>\n\t\t\t\t\t<\/div>\n\t\t<\/div>\n\t\t\t\t\t<\/div>\n\t\t<\/section>\n\t\t\t\t<section class=\"elementor-section elementor-top-section elementor-element elementor-element-3de0d3eb elementor-section-boxed elementor-section-height-default elementor-section-height-default\" data-id=\"3de0d3eb\" data-element_type=\"section\" data-settings=\"{&quot;background_background&quot;:&quot;classic&quot;,&quot;background_motion_fx_motion_fx_scrolling&quot;:&quot;yes&quot;,&quot;background_motion_fx_translateY_effect&quot;:&quot;yes&quot;,&quot;background_motion_fx_translateY_speed&quot;:{&quot;unit&quot;:&quot;px&quot;,&quot;size&quot;:7.2999999999999998,&quot;sizes&quot;:[]},&quot;background_motion_fx_translateY_affectedRange&quot;:{&quot;unit&quot;:&quot;%&quot;,&quot;size&quot;:&quot;&quot;,&quot;sizes&quot;:{&quot;start&quot;:31,&quot;end&quot;:73}},&quot;background_motion_fx_devices&quot;:[&quot;desktop&quot;,&quot;tablet&quot;,&quot;mobile&quot;]}\">\n\t\t\t\t\t\t<div class=\"elementor-container elementor-column-gap-default\">\n\t\t\t\t\t<div class=\"elementor-column elementor-col-100 elementor-top-column elementor-element elementor-element-178d9092\" data-id=\"178d9092\" data-element_type=\"column\" data-settings=\"{&quot;background_background&quot;:&quot;classic&quot;}\">\n\t\t\t<div class=\"elementor-widget-wrap elementor-element-populated\">\n\t\t\t\t\t\t<div class=\"elementor-element elementor-element-7eaecb67 elementor-widget-divider--view-line_text textDivisoreTratteggiato elementor-widget-divider--element-align-center elementor-widget elementor-widget-divider\" data-id=\"7eaecb67\" data-element_type=\"widget\" data-widget_type=\"divider.default\">\n\t\t\t\t<div class=\"elementor-widget-container\">\n\t\t\t\t\t\t\t<div class=\"elementor-divider\">\n\t\t\t<span class=\"elementor-divider-separator\">\n\t\t\t\t\t\t\t<span class=\"elementor-divider__text elementor-divider__element\">\n\t\t\t\tDOMOTIQUE H\u00d4TELI\u00c8RE\t\t\t\t<\/span>\n\t\t\t\t\t\t<\/span>\n\t\t<\/div>\n\t\t\t\t\t\t<\/div>\n\t\t\t\t<\/div>\n\t\t\t\t\t<\/div>\n\t\t<\/div>\n\t\t\t\t\t<\/div>\n\t\t<\/section>\n\t\t\t\t<section class=\"elementor-section elementor-top-section elementor-element elementor-element-477e753e elementor-section-full_width sectionMarginBottom50 elementor-section-height-default elementor-section-height-default\" data-id=\"477e753e\" data-element_type=\"section\">\n\t\t\t\t\t\t<div class=\"elementor-container elementor-column-gap-default\">\n\t\t\t\t\t<div class=\"elementor-column elementor-col-50 elementor-top-column elementor-element elementor-element-4bdf662b altezzaImgBK\" data-id=\"4bdf662b\" data-element_type=\"column\" data-settings=\"{&quot;background_background&quot;:&quot;classic&quot;}\">\n\t\t\t<div class=\"elementor-widget-wrap elementor-element-populated\">\n\t\t\t\t\t\t<div class=\"elementor-element elementor-element-2a546b1c elementor-widget elementor-widget-spacer\" data-id=\"2a546b1c\" data-element_type=\"widget\" data-widget_type=\"spacer.default\">\n\t\t\t\t<div class=\"elementor-widget-container\">\n\t\t\t\t\t\t\t<div class=\"elementor-spacer\">\n\t\t\t<div class=\"elementor-spacer-inner\"><\/div>\n\t\t<\/div>\n\t\t\t\t\t\t<\/div>\n\t\t\t\t<\/div>\n\t\t\t\t\t<\/div>\n\t\t<\/div>\n\t\t\t\t<div class=\"elementor-column elementor-col-50 elementor-top-column elementor-element elementor-element-4c5321be\" data-id=\"4c5321be\" data-element_type=\"column\">\n\t\t\t<div class=\"elementor-widget-wrap elementor-element-populated\">\n\t\t\t\t\t\t<div class=\"elementor-element elementor-element-2ed2b01 h3likeh1 elementor-widget elementor-widget-heading\" data-id=\"2ed2b01\" data-element_type=\"widget\" data-widget_type=\"heading.default\">\n\t\t\t\t<div class=\"elementor-widget-container\">\n\t\t\t\t\t<h3 class=\"elementor-heading-title elementor-size-default\">T\u00e9l\u00e9commande<\/h3>\t\t\t\t<\/div>\n\t\t\t\t<\/div>\n\t\t\t\t<div class=\"elementor-element elementor-element-3655408 filettoColorGiallo elementor-widget-divider--view-line elementor-widget elementor-widget-divider\" data-id=\"3655408\" data-element_type=\"widget\" data-widget_type=\"divider.default\">\n\t\t\t\t<div class=\"elementor-widget-container\">\n\t\t\t\t\t\t\t<div class=\"elementor-divider\">\n\t\t\t<span class=\"elementor-divider-separator\">\n\t\t\t\t\t\t<\/span>\n\t\t<\/div>\n\t\t\t\t\t\t<\/div>\n\t\t\t\t<\/div>\n\t\t\t\t<div class=\"elementor-element elementor-element-90d6a71 elementor-widget elementor-widget-spacer\" data-id=\"90d6a71\" data-element_type=\"widget\" data-widget_type=\"spacer.default\">\n\t\t\t\t<div class=\"elementor-widget-container\">\n\t\t\t\t\t\t\t<div class=\"elementor-spacer\">\n\t\t\t<div class=\"elementor-spacer-inner\"><\/div>\n\t\t<\/div>\n\t\t\t\t\t\t<\/div>\n\t\t\t\t<\/div>\n\t\t\t\t<div class=\"elementor-element elementor-element-39ab163 elementor-widget elementor-widget-text-editor\" data-id=\"39ab163\" data-element_type=\"widget\" data-widget_type=\"text-editor.default\">\n\t\t\t\t<div class=\"elementor-widget-container\">\n\t\t\t\t\t\t\t\t\t<p class=\"p1\">Lors de l&rsquo;enregistrement \u00e0 la r\u00e9ception, toutes les fonctions domotiques STS de la chambre du client sont automatiquement <strong>activ\u00e9es \u00e0 distance<\/strong>.<br \/>L&rsquo;int\u00e9gration du syst\u00e8me avec les <strong>boutons d&rsquo;appel<\/strong> des salles de bain (alarmes) sera compl\u00e9t\u00e9e d&rsquo;ici la fin de la saison 2025.<\/p><p class=\"p1\">Les diff\u00e9rents acc\u00e8s de l&rsquo;H\u00f4tel (c\u00f4t\u00e9 mer pour voitures et v\u00e9hicules, c\u00f4t\u00e9 mer pi\u00e9ton et c\u00f4t\u00e9 nord pour voitures et v\u00e9hicules) sont contr\u00f4l\u00e9s \u00e0 distance par la r\u00e9ception \u00e0 l&rsquo;aide d&rsquo;une vid\u00e9osurveillance.<\/p>\t\t\t\t\t\t\t\t<\/div>\n\t\t\t\t<\/div>\n\t\t\t\t<div class=\"elementor-element elementor-element-348a4ccf elementor-widget elementor-widget-spacer\" data-id=\"348a4ccf\" data-element_type=\"widget\" data-widget_type=\"spacer.default\">\n\t\t\t\t<div class=\"elementor-widget-container\">\n\t\t\t\t\t\t\t<div class=\"elementor-spacer\">\n\t\t\t<div class=\"elementor-spacer-inner\"><\/div>\n\t\t<\/div>\n\t\t\t\t\t\t<\/div>\n\t\t\t\t<\/div>\n\t\t\t\t\t<\/div>\n\t\t<\/div>\n\t\t\t\t\t<\/div>\n\t\t<\/section>\n\t\t\t\t<\/div>\n\t\t","protected":false},"excerpt":{"rendered":"<p>Domotique H\u00f4tel Villa San Giuseppe Domotique: un h\u00f4tel de plus en plus technologique et automatis\u00e9 H\u00f4tel Villa San Giuseppe, une tradition tourn\u00e9e vers l&rsquo;avenir L&rsquo;introduction r\u00e9cente du syst\u00e8me STS (syst\u00e8mes de technologie de s\u00e9curit\u00e9) dans l&rsquo;h\u00f4tel avait pour objectif d&rsquo;offrir \u00e0 nos clients un s\u00e9jour de plus en plus confortable et s\u00fbr.L&rsquo;immeuble Mimosa est enti\u00e8rement [&hellip;]<\/p>\n","protected":false},"author":3,"featured_media":8082,"parent":0,"menu_order":0,"comment_status":"closed","ping_status":"closed","template":"elementor_header_footer","meta":{"_acf_changed":false,"footnotes":""},"class_list":["post-8071","page","type-page","status-publish","has-post-thumbnail","hentry"],"acf":[],"yoast_head":"<!-- This site is optimized with the Yoast SEO Premium plugin v24.7 (Yoast SEO v24.7) - https:\/\/yoast.com\/wordpress\/plugins\/seo\/ -->\n<title>Domotica | Hotel Villa San Giuseppe<\/title>\n<meta name=\"description\" content=\"Domotica Hotel Villa San Giuseppe a San Bartolomeo al Mare, Imperia, per un soggiorno pi\u00f9 confortevole e tecnologico.\" \/>\n<meta name=\"robots\" content=\"index, follow, max-snippet:-1, max-image-preview:large, max-video-preview:-1\" \/>\n<link rel=\"canonical\" href=\"https:\/\/www.hotelvillasangiuseppe.com\/en\/domotica\/\" \/>\n<meta property=\"og:locale\" content=\"fr_FR\" \/>\n<meta property=\"og:type\" content=\"article\" \/>\n<meta property=\"og:title\" content=\"Domotica | Villa, ristorante, parco, spiaggia\" \/>\n<meta property=\"og:description\" content=\"Location matrimoni in Liguria, un luogo da favola a San Bartolomeo al Mare, Imperia, con ristorante, parco di 8.000 mq, spiaggia privata.\" \/>\n<meta property=\"og:url\" content=\"https:\/\/www.hotelvillasangiuseppe.com\/en\/domotica\/\" \/>\n<meta property=\"og:site_name\" content=\"hotelvillasangiuseppe.com\" \/>\n<meta property=\"article:modified_time\" content=\"2025-03-31T15:39:10+00:00\" \/>\n<meta property=\"og:image\" content=\"https:\/\/www.hotelvillasangiuseppe.com\/wp-content\/uploads\/2025\/03\/domotica.jpg\" \/>\n\t<meta property=\"og:image:width\" content=\"2000\" \/>\n\t<meta property=\"og:image:height\" content=\"1537\" \/>\n\t<meta property=\"og:image:type\" content=\"image\/jpeg\" \/>\n<meta name=\"twitter:card\" content=\"summary_large_image\" \/>\n<meta name=\"twitter:title\" content=\"Domotica\" \/>\n<meta name=\"twitter:description\" content=\"Domotique H\u00f4tel Villa San Giuseppe Domotique: un h\u00f4tel de plus en plus technologique et automatis\u00e9 H\u00f4tel Villa San Giuseppe, une tradition tourn\u00e9e vers\" \/>\n<meta name=\"twitter:label1\" content=\"Dur\u00e9e de lecture estim\u00e9e\" \/>\n\t<meta name=\"twitter:data1\" content=\"1 minute\" \/>\n<script type=\"application\/ld+json\" class=\"yoast-schema-graph\">{\"@context\":\"https:\/\/schema.org\",\"@graph\":[{\"@type\":\"WebPage\",\"@id\":\"https:\/\/www.hotelvillasangiuseppe.com\/en\/domotica\/\",\"url\":\"https:\/\/www.hotelvillasangiuseppe.com\/en\/domotica\/\",\"name\":\"Domotica | Hotel Villa San Giuseppe\",\"isPartOf\":{\"@id\":\"https:\/\/www.hotelvillasangiuseppe.com\/#website\"},\"primaryImageOfPage\":{\"@id\":\"https:\/\/www.hotelvillasangiuseppe.com\/en\/domotica\/#primaryimage\"},\"image\":{\"@id\":\"https:\/\/www.hotelvillasangiuseppe.com\/en\/domotica\/#primaryimage\"},\"thumbnailUrl\":\"https:\/\/www.hotelvillasangiuseppe.com\/wp-content\/uploads\/2025\/03\/domotica.jpg\",\"datePublished\":\"2025-03-27T15:46:04+00:00\",\"dateModified\":\"2025-03-31T15:39:10+00:00\",\"description\":\"Domotica Hotel Villa San Giuseppe a San Bartolomeo al Mare, Imperia, per un soggiorno pi\u00f9 confortevole e tecnologico.\",\"breadcrumb\":{\"@id\":\"https:\/\/www.hotelvillasangiuseppe.com\/en\/domotica\/#breadcrumb\"},\"inLanguage\":\"fr-FR\",\"potentialAction\":[{\"@type\":\"ReadAction\",\"target\":[\"https:\/\/www.hotelvillasangiuseppe.com\/en\/domotica\/\"]}]},{\"@type\":\"ImageObject\",\"inLanguage\":\"fr-FR\",\"@id\":\"https:\/\/www.hotelvillasangiuseppe.com\/en\/domotica\/#primaryimage\",\"url\":\"https:\/\/www.hotelvillasangiuseppe.com\/wp-content\/uploads\/2025\/03\/domotica.jpg\",\"contentUrl\":\"https:\/\/www.hotelvillasangiuseppe.com\/wp-content\/uploads\/2025\/03\/domotica.jpg\",\"width\":2000,\"height\":1537,\"caption\":\"domotica\"},{\"@type\":\"BreadcrumbList\",\"@id\":\"https:\/\/www.hotelvillasangiuseppe.com\/en\/domotica\/#breadcrumb\",\"itemListElement\":[{\"@type\":\"ListItem\",\"position\":1,\"name\":\"Home\",\"item\":\"https:\/\/www.hotelvillasangiuseppe.com\/fr\/\"},{\"@type\":\"ListItem\",\"position\":2,\"name\":\"Domotica\"}]},{\"@type\":\"WebSite\",\"@id\":\"https:\/\/www.hotelvillasangiuseppe.com\/#website\",\"url\":\"https:\/\/www.hotelvillasangiuseppe.com\/\",\"name\":\"hotelvillasangiuseppe.com\",\"description\":\"Hotel Villa San Giuseppe - San Bartolomeo al mare - hotel per famiglie\",\"potentialAction\":[{\"@type\":\"SearchAction\",\"target\":{\"@type\":\"EntryPoint\",\"urlTemplate\":\"https:\/\/www.hotelvillasangiuseppe.com\/?s={search_term_string}\"},\"query-input\":{\"@type\":\"PropertyValueSpecification\",\"valueRequired\":true,\"valueName\":\"search_term_string\"}}],\"inLanguage\":\"fr-FR\"}]}<\/script>\n<!-- \/ Yoast SEO Premium plugin. -->","yoast_head_json":{"title":"Domotica | Hotel Villa San Giuseppe","description":"Domotica Hotel Villa San Giuseppe a San Bartolomeo al Mare, Imperia, per un soggiorno pi\u00f9 confortevole e tecnologico.","robots":{"index":"index","follow":"follow","max-snippet":"max-snippet:-1","max-image-preview":"max-image-preview:large","max-video-preview":"max-video-preview:-1"},"canonical":"https:\/\/www.hotelvillasangiuseppe.com\/en\/domotica\/","og_locale":"fr_FR","og_type":"article","og_title":"Domotica | Villa, ristorante, parco, spiaggia","og_description":"Location matrimoni in Liguria, un luogo da favola a San Bartolomeo al Mare, Imperia, con ristorante, parco di 8.000 mq, spiaggia privata.","og_url":"https:\/\/www.hotelvillasangiuseppe.com\/en\/domotica\/","og_site_name":"hotelvillasangiuseppe.com","article_modified_time":"2025-03-31T15:39:10+00:00","og_image":[{"width":2000,"height":1537,"url":"https:\/\/www.hotelvillasangiuseppe.com\/wp-content\/uploads\/2025\/03\/domotica.jpg","type":"image\/jpeg"}],"twitter_card":"summary_large_image","twitter_title":"Domotica","twitter_description":"Domotique H\u00f4tel Villa San Giuseppe Domotique: un h\u00f4tel de plus en plus technologique et automatis\u00e9 H\u00f4tel Villa San Giuseppe, une tradition tourn\u00e9e vers","twitter_misc":{"Dur\u00e9e de lecture estim\u00e9e":"1 minute"},"schema":{"@context":"https:\/\/schema.org","@graph":[{"@type":"WebPage","@id":"https:\/\/www.hotelvillasangiuseppe.com\/en\/domotica\/","url":"https:\/\/www.hotelvillasangiuseppe.com\/en\/domotica\/","name":"Domotica | Hotel Villa San Giuseppe","isPartOf":{"@id":"https:\/\/www.hotelvillasangiuseppe.com\/#website"},"primaryImageOfPage":{"@id":"https:\/\/www.hotelvillasangiuseppe.com\/en\/domotica\/#primaryimage"},"image":{"@id":"https:\/\/www.hotelvillasangiuseppe.com\/en\/domotica\/#primaryimage"},"thumbnailUrl":"https:\/\/www.hotelvillasangiuseppe.com\/wp-content\/uploads\/2025\/03\/domotica.jpg","datePublished":"2025-03-27T15:46:04+00:00","dateModified":"2025-03-31T15:39:10+00:00","description":"Domotica Hotel Villa San Giuseppe a San Bartolomeo al Mare, Imperia, per un soggiorno pi\u00f9 confortevole e tecnologico.","breadcrumb":{"@id":"https:\/\/www.hotelvillasangiuseppe.com\/en\/domotica\/#breadcrumb"},"inLanguage":"fr-FR","potentialAction":[{"@type":"ReadAction","target":["https:\/\/www.hotelvillasangiuseppe.com\/en\/domotica\/"]}]},{"@type":"ImageObject","inLanguage":"fr-FR","@id":"https:\/\/www.hotelvillasangiuseppe.com\/en\/domotica\/#primaryimage","url":"https:\/\/www.hotelvillasangiuseppe.com\/wp-content\/uploads\/2025\/03\/domotica.jpg","contentUrl":"https:\/\/www.hotelvillasangiuseppe.com\/wp-content\/uploads\/2025\/03\/domotica.jpg","width":2000,"height":1537,"caption":"domotica"},{"@type":"BreadcrumbList","@id":"https:\/\/www.hotelvillasangiuseppe.com\/en\/domotica\/#breadcrumb","itemListElement":[{"@type":"ListItem","position":1,"name":"Home","item":"https:\/\/www.hotelvillasangiuseppe.com\/fr\/"},{"@type":"ListItem","position":2,"name":"Domotica"}]},{"@type":"WebSite","@id":"https:\/\/www.hotelvillasangiuseppe.com\/#website","url":"https:\/\/www.hotelvillasangiuseppe.com\/","name":"hotelvillasangiuseppe.com","description":"Hotel Villa San Giuseppe - San Bartolomeo al mare - hotel per famiglie","potentialAction":[{"@type":"SearchAction","target":{"@type":"EntryPoint","urlTemplate":"https:\/\/www.hotelvillasangiuseppe.com\/?s={search_term_string}"},"query-input":{"@type":"PropertyValueSpecification","valueRequired":true,"valueName":"search_term_string"}}],"inLanguage":"fr-FR"}]}},"_links":{"self":[{"href":"https:\/\/www.hotelvillasangiuseppe.com\/fr\/wp-json\/wp\/v2\/pages\/8071","targetHints":{"allow":["GET"]}}],"collection":[{"href":"https:\/\/www.hotelvillasangiuseppe.com\/fr\/wp-json\/wp\/v2\/pages"}],"about":[{"href":"https:\/\/www.hotelvillasangiuseppe.com\/fr\/wp-json\/wp\/v2\/types\/page"}],"author":[{"embeddable":true,"href":"https:\/\/www.hotelvillasangiuseppe.com\/fr\/wp-json\/wp\/v2\/users\/3"}],"replies":[{"embeddable":true,"href":"https:\/\/www.hotelvillasangiuseppe.com\/fr\/wp-json\/wp\/v2\/comments?post=8071"}],"version-history":[{"count":16,"href":"https:\/\/www.hotelvillasangiuseppe.com\/fr\/wp-json\/wp\/v2\/pages\/8071\/revisions"}],"predecessor-version":[{"id":8212,"href":"https:\/\/www.hotelvillasangiuseppe.com\/fr\/wp-json\/wp\/v2\/pages\/8071\/revisions\/8212"}],"wp:featuredmedia":[{"embeddable":true,"href":"https:\/\/www.hotelvillasangiuseppe.com\/fr\/wp-json\/wp\/v2\/media\/8082"}],"wp:attachment":[{"href":"https:\/\/www.hotelvillasangiuseppe.com\/fr\/wp-json\/wp\/v2\/media?parent=8071"}],"curies":[{"name":"wp","href":"https:\/\/api.w.org\/{rel}","templated":true}]}}